{"id":2168,"date":"2025-03-18T11:26:09","date_gmt":"2025-03-18T10:26:09","guid":{"rendered":"https:\/\/pano-group.com\/unser-csr-ansatz\/"},"modified":"2025-05-05T17:52:36","modified_gmt":"2025-05-05T15:52:36","slug":"unser-csr-ansatz","status":"publish","type":"page","link":"https:\/\/pano-group.com\/de\/unser-csr-ansatz\/","title":{"rendered":"Unser CSR-Ansatz"},"content":{"rendered":"\n<p>Wir bei PANO sind der Ansicht, dass unsere Mission \u00fcber unsere gesch\u00e4ftlichen Aktivit\u00e4ten hinausgeht. Wir sind bestrebt, einen positiven Beitrag zur Gesellschaft und zur Umwelt zu leisten und gleichzeitig den Fortbestand unseres Unternehmens zu sichern. <\/p>\n","protected":false},"excerpt":{"rendered":"<p>Wir bei PANO sind der Ansicht, dass unsere Mission \u00fcber unsere gesch\u00e4ftlichen Aktivit\u00e4ten hinausgeht. Wir sind bestrebt, einen positiven Beitrag [&hellip;]<\/p>\n","protected":false},"author":7,"featured_media":2227,"parent":0,"menu_order":0,"comment_status":"closed","ping_status":"closed","template":"","meta":{"_acf_changed":false,"footnotes":""},"class_list":["post-2168","page","type-page","status-publish","has-post-thumbnail","hentry"],"acf":[],"yoast_head":"<!-- This site is optimized with the Yoast SEO Premium plugin v25.8 (Yoast SEO v25.8) - https:\/\/yoast.com\/wordpress\/plugins\/seo\/ -->\n<title>Unser CSR-Ansatz - Groupe PANO<\/title>\n<meta name=\"description\" content=\"Entdecken Sie das CSR-Engagement von PANO: ein freiwilliger Ansatz f\u00fcr einen positiven Einfluss auf die Gesellschaft und die Umwelt.\" \/>\n<meta name=\"robots\" content=\"index, follow, max-snippet:-1, max-image-preview:large, max-video-preview:-1\" \/>\n<link rel=\"canonical\" href=\"https:\/\/pano-group.com\/global\/de\/unser-csr-ansatz\/\" \/>\n<meta property=\"og:locale\" content=\"de_DE\" \/>\n<meta property=\"og:type\" content=\"article\" \/>\n<meta property=\"og:title\" content=\"Unser CSR-Ansatz\" \/>\n<meta property=\"og:description\" content=\"Entdecken Sie das CSR-Engagement von PANO: ein freiwilliger Ansatz f\u00fcr einen positiven Einfluss auf die Gesellschaft und die Umwelt.\" \/>\n<meta property=\"og:url\" content=\"https:\/\/pano-group.com\/global\/de\/unser-csr-ansatz\/\" \/>\n<meta property=\"og:site_name\" content=\"Groupe PANO\" \/>\n<meta property=\"article:modified_time\" content=\"2025-05-05T15:52:36+00:00\" \/>\n<meta property=\"og:image\" content=\"https:\/\/pano-group.com\/global\/wp-content\/uploads\/sites\/187\/2025\/03\/visuel-rse-site-v3_Plan-de-travail-1.png\" \/>\n\t<meta property=\"og:image:width\" content=\"1700\" \/>\n\t<meta property=\"og:image:height\" content=\"884\" \/>\n\t<meta property=\"og:image:type\" content=\"image\/png\" \/>\n<meta name=\"twitter:card\" content=\"summary_large_image\" \/>\n<script type=\"application\/ld+json\" class=\"yoast-schema-graph\">{\"@context\":\"https:\/\/schema.org\",\"@graph\":[{\"@type\":\"WebPage\",\"@id\":\"https:\/\/pano-group.com\/global\/de\/unser-csr-ansatz\/\",\"url\":\"https:\/\/pano-group.com\/global\/de\/unser-csr-ansatz\/\",\"name\":\"Unser CSR-Ansatz - Groupe PANO\",\"isPartOf\":{\"@id\":\"https:\/\/pano-group.com\/global\/#website\"},\"primaryImageOfPage\":{\"@id\":\"https:\/\/pano-group.com\/global\/de\/unser-csr-ansatz\/#primaryimage\"},\"image\":{\"@id\":\"https:\/\/pano-group.com\/global\/de\/unser-csr-ansatz\/#primaryimage\"},\"thumbnailUrl\":\"https:\/\/pano-group.com\/wp-content\/uploads\/sites\/187\/2025\/03\/visuel-rse-site-v3_Plan-de-travail-1.png\",\"datePublished\":\"2025-03-18T10:26:09+00:00\",\"dateModified\":\"2025-05-05T15:52:36+00:00\",\"description\":\"Entdecken Sie das CSR-Engagement von PANO: ein freiwilliger Ansatz f\u00fcr einen positiven Einfluss auf die Gesellschaft und die Umwelt.\",\"breadcrumb\":{\"@id\":\"https:\/\/pano-group.com\/global\/de\/unser-csr-ansatz\/#breadcrumb\"},\"inLanguage\":\"de\",\"potentialAction\":[{\"@type\":\"ReadAction\",\"target\":[\"https:\/\/pano-group.com\/global\/de\/unser-csr-ansatz\/\"]}]},{\"@type\":\"ImageObject\",\"inLanguage\":\"de\",\"@id\":\"https:\/\/pano-group.com\/global\/de\/unser-csr-ansatz\/#primaryimage\",\"url\":\"https:\/\/pano-group.com\/wp-content\/uploads\/sites\/187\/2025\/03\/visuel-rse-site-v3_Plan-de-travail-1.png\",\"contentUrl\":\"https:\/\/pano-group.com\/wp-content\/uploads\/sites\/187\/2025\/03\/visuel-rse-site-v3_Plan-de-travail-1.png\",\"width\":1700,\"height\":884},{\"@type\":\"BreadcrumbList\",\"@id\":\"https:\/\/pano-group.com\/global\/de\/unser-csr-ansatz\/#breadcrumb\",\"itemListElement\":[{\"@type\":\"ListItem\",\"position\":1,\"name\":\"Accueil\",\"item\":\"https:\/\/pano-group.com\/global\/de\/\"},{\"@type\":\"ListItem\",\"position\":2,\"name\":\"Unser CSR-Ansatz\"}]},{\"@type\":\"WebSite\",\"@id\":\"https:\/\/pano-group.com\/global\/#website\",\"url\":\"https:\/\/pano-group.com\/global\/\",\"name\":\"Groupe PANO\",\"description\":\"\",\"potentialAction\":[{\"@type\":\"SearchAction\",\"target\":{\"@type\":\"EntryPoint\",\"urlTemplate\":\"https:\/\/pano-group.com\/global\/?s={search_term_string}\"},\"query-input\":{\"@type\":\"PropertyValueSpecification\",\"valueRequired\":true,\"valueName\":\"search_term_string\"}}],\"inLanguage\":\"de\"}]}<\/script>\n<!-- \/ Yoast SEO Premium plugin. -->","yoast_head_json":{"title":"Unser CSR-Ansatz - Groupe PANO","description":"Entdecken Sie das CSR-Engagement von PANO: ein freiwilliger Ansatz f\u00fcr einen positiven Einfluss auf die Gesellschaft und die Umwelt.","robots":{"index":"index","follow":"follow","max-snippet":"max-snippet:-1","max-image-preview":"max-image-preview:large","max-video-preview":"max-video-preview:-1"},"canonical":"https:\/\/pano-group.com\/global\/de\/unser-csr-ansatz\/","og_locale":"de_DE","og_type":"article","og_title":"Unser CSR-Ansatz","og_description":"Entdecken Sie das CSR-Engagement von PANO: ein freiwilliger Ansatz f\u00fcr einen positiven Einfluss auf die Gesellschaft und die Umwelt.","og_url":"https:\/\/pano-group.com\/global\/de\/unser-csr-ansatz\/","og_site_name":"Groupe PANO","article_modified_time":"2025-05-05T15:52:36+00:00","og_image":[{"width":1700,"height":884,"url":"https:\/\/pano-group.com\/global\/wp-content\/uploads\/sites\/187\/2025\/03\/visuel-rse-site-v3_Plan-de-travail-1.png","type":"image\/png"}],"twitter_card":"summary_large_image","schema":{"@context":"https:\/\/schema.org","@graph":[{"@type":"WebPage","@id":"https:\/\/pano-group.com\/global\/de\/unser-csr-ansatz\/","url":"https:\/\/pano-group.com\/global\/de\/unser-csr-ansatz\/","name":"Unser CSR-Ansatz - Groupe PANO","isPartOf":{"@id":"https:\/\/pano-group.com\/global\/#website"},"primaryImageOfPage":{"@id":"https:\/\/pano-group.com\/global\/de\/unser-csr-ansatz\/#primaryimage"},"image":{"@id":"https:\/\/pano-group.com\/global\/de\/unser-csr-ansatz\/#primaryimage"},"thumbnailUrl":"https:\/\/pano-group.com\/wp-content\/uploads\/sites\/187\/2025\/03\/visuel-rse-site-v3_Plan-de-travail-1.png","datePublished":"2025-03-18T10:26:09+00:00","dateModified":"2025-05-05T15:52:36+00:00","description":"Entdecken Sie das CSR-Engagement von PANO: ein freiwilliger Ansatz f\u00fcr einen positiven Einfluss auf die Gesellschaft und die Umwelt.","breadcrumb":{"@id":"https:\/\/pano-group.com\/global\/de\/unser-csr-ansatz\/#breadcrumb"},"inLanguage":"de","potentialAction":[{"@type":"ReadAction","target":["https:\/\/pano-group.com\/global\/de\/unser-csr-ansatz\/"]}]},{"@type":"ImageObject","inLanguage":"de","@id":"https:\/\/pano-group.com\/global\/de\/unser-csr-ansatz\/#primaryimage","url":"https:\/\/pano-group.com\/wp-content\/uploads\/sites\/187\/2025\/03\/visuel-rse-site-v3_Plan-de-travail-1.png","contentUrl":"https:\/\/pano-group.com\/wp-content\/uploads\/sites\/187\/2025\/03\/visuel-rse-site-v3_Plan-de-travail-1.png","width":1700,"height":884},{"@type":"BreadcrumbList","@id":"https:\/\/pano-group.com\/global\/de\/unser-csr-ansatz\/#breadcrumb","itemListElement":[{"@type":"ListItem","position":1,"name":"Accueil","item":"https:\/\/pano-group.com\/global\/de\/"},{"@type":"ListItem","position":2,"name":"Unser CSR-Ansatz"}]},{"@type":"WebSite","@id":"https:\/\/pano-group.com\/global\/#website","url":"https:\/\/pano-group.com\/global\/","name":"Groupe PANO","description":"","potentialAction":[{"@type":"SearchAction","target":{"@type":"EntryPoint","urlTemplate":"https:\/\/pano-group.com\/global\/?s={search_term_string}"},"query-input":{"@type":"PropertyValueSpecification","valueRequired":true,"valueName":"search_term_string"}}],"inLanguage":"de"}]}},"_links":{"self":[{"href":"https:\/\/pano-group.com\/de\/wp-json\/wp\/v2\/pages\/2168","targetHints":{"allow":["GET"]}}],"collection":[{"href":"https:\/\/pano-group.com\/de\/wp-json\/wp\/v2\/pages"}],"about":[{"href":"https:\/\/pano-group.com\/de\/wp-json\/wp\/v2\/types\/page"}],"author":[{"embeddable":true,"href":"https:\/\/pano-group.com\/de\/wp-json\/wp\/v2\/users\/7"}],"replies":[{"embeddable":true,"href":"https:\/\/pano-group.com\/de\/wp-json\/wp\/v2\/comments?post=2168"}],"version-history":[{"count":2,"href":"https:\/\/pano-group.com\/de\/wp-json\/wp\/v2\/pages\/2168\/revisions"}],"predecessor-version":[{"id":3073,"href":"https:\/\/pano-group.com\/de\/wp-json\/wp\/v2\/pages\/2168\/revisions\/3073"}],"wp:featuredmedia":[{"embeddable":true,"href":"https:\/\/pano-group.com\/de\/wp-json\/wp\/v2\/media\/2227"}],"wp:attachment":[{"href":"https:\/\/pano-group.com\/de\/wp-json\/wp\/v2\/media?parent=2168"}],"curies":[{"name":"wp","href":"https:\/\/api.w.org\/{rel}","templated":true}]}}