{"id":2260,"date":"2025-03-21T16:35:30","date_gmt":"2025-03-21T15:35:30","guid":{"rendered":"https:\/\/pano-group.com\/mitarbeiter-werden\/"},"modified":"2025-05-05T17:52:23","modified_gmt":"2025-05-05T15:52:23","slug":"mitarbeiter-werden","status":"publish","type":"page","link":"https:\/\/pano-group.com\/de\/mitarbeiter-werden\/","title":{"rendered":"Mitarbeiter werden"},"content":{"rendered":"\n<p>Wir sind ein leidenschaftliches und dynamisches Team, in dem jeder Mitarbeiter eine Schl\u00fcsselrolle f\u00fcr den Erfolg unserer Projekte spielt. Wenn Sie unsere Werte und unsere Vision teilen, w\u00fcrden wir uns freuen, Sie bei uns begr\u00fc\u00dfen zu d\u00fcrfen. <\/p>\n","protected":false},"excerpt":{"rendered":"<p>Wir sind ein leidenschaftliches und dynamisches Team, in dem jeder Mitarbeiter eine Schl\u00fcsselrolle f\u00fcr den Erfolg unserer Projekte spielt. Wenn [&hellip;]<\/p>\n","protected":false},"author":7,"featured_media":2296,"parent":0,"menu_order":0,"comment_status":"closed","ping_status":"closed","template":"","meta":{"_acf_changed":false,"footnotes":""},"class_list":["post-2260","page","type-page","status-publish","has-post-thumbnail","hentry"],"acf":[],"yoast_head":"<!-- This site is optimized with the Yoast SEO Premium plugin v25.8 (Yoast SEO v25.8) - https:\/\/yoast.com\/wordpress\/plugins\/seo\/ -->\n<title>Mitarbeiter werden - Groupe PANO<\/title>\n<meta name=\"robots\" content=\"index, follow, max-snippet:-1, max-image-preview:large, max-video-preview:-1\" \/>\n<link rel=\"canonical\" href=\"https:\/\/pano-group.com\/global\/de\/mitarbeiter-werden\/\" \/>\n<meta property=\"og:locale\" content=\"de_DE\" \/>\n<meta property=\"og:type\" content=\"article\" \/>\n<meta property=\"og:title\" content=\"Mitarbeiter werden\" \/>\n<meta property=\"og:description\" content=\"Wir sind ein leidenschaftliches und dynamisches Team, in dem jeder Mitarbeiter eine Schl\u00fcsselrolle f\u00fcr den Erfolg unserer Projekte spielt. Wenn [&hellip;]\" \/>\n<meta property=\"og:url\" content=\"https:\/\/pano-group.com\/global\/de\/mitarbeiter-werden\/\" \/>\n<meta property=\"og:site_name\" content=\"Groupe PANO\" \/>\n<meta property=\"article:modified_time\" content=\"2025-05-05T15:52:23+00:00\" \/>\n<meta property=\"og:image\" content=\"https:\/\/pano-group.com\/global\/wp-content\/uploads\/sites\/187\/2025\/03\/292-1024x683.jpg\" \/>\n\t<meta property=\"og:image:width\" content=\"1024\" \/>\n\t<meta property=\"og:image:height\" content=\"683\" \/>\n\t<meta property=\"og:image:type\" content=\"image\/jpeg\" \/>\n<meta name=\"twitter:card\" content=\"summary_large_image\" \/>\n<script type=\"application\/ld+json\" class=\"yoast-schema-graph\">{\"@context\":\"https:\/\/schema.org\",\"@graph\":[{\"@type\":\"WebPage\",\"@id\":\"https:\/\/pano-group.com\/global\/de\/mitarbeiter-werden\/\",\"url\":\"https:\/\/pano-group.com\/global\/de\/mitarbeiter-werden\/\",\"name\":\"Mitarbeiter werden - Groupe PANO\",\"isPartOf\":{\"@id\":\"https:\/\/pano-group.com\/global\/#website\"},\"primaryImageOfPage\":{\"@id\":\"https:\/\/pano-group.com\/global\/de\/mitarbeiter-werden\/#primaryimage\"},\"image\":{\"@id\":\"https:\/\/pano-group.com\/global\/de\/mitarbeiter-werden\/#primaryimage\"},\"thumbnailUrl\":\"https:\/\/pano-group.com\/wp-content\/uploads\/sites\/187\/2025\/03\/292.jpg\",\"datePublished\":\"2025-03-21T15:35:30+00:00\",\"dateModified\":\"2025-05-05T15:52:23+00:00\",\"breadcrumb\":{\"@id\":\"https:\/\/pano-group.com\/global\/de\/mitarbeiter-werden\/#breadcrumb\"},\"inLanguage\":\"de\",\"potentialAction\":[{\"@type\":\"ReadAction\",\"target\":[\"https:\/\/pano-group.com\/global\/de\/mitarbeiter-werden\/\"]}]},{\"@type\":\"ImageObject\",\"inLanguage\":\"de\",\"@id\":\"https:\/\/pano-group.com\/global\/de\/mitarbeiter-werden\/#primaryimage\",\"url\":\"https:\/\/pano-group.com\/wp-content\/uploads\/sites\/187\/2025\/03\/292.jpg\",\"contentUrl\":\"https:\/\/pano-group.com\/wp-content\/uploads\/sites\/187\/2025\/03\/292.jpg\",\"width\":1700,\"height\":1133},{\"@type\":\"BreadcrumbList\",\"@id\":\"https:\/\/pano-group.com\/global\/de\/mitarbeiter-werden\/#breadcrumb\",\"itemListElement\":[{\"@type\":\"ListItem\",\"position\":1,\"name\":\"Accueil\",\"item\":\"https:\/\/pano-group.com\/global\/de\/\"},{\"@type\":\"ListItem\",\"position\":2,\"name\":\"Mitarbeiter werden\"}]},{\"@type\":\"WebSite\",\"@id\":\"https:\/\/pano-group.com\/global\/#website\",\"url\":\"https:\/\/pano-group.com\/global\/\",\"name\":\"Groupe PANO\",\"description\":\"\",\"potentialAction\":[{\"@type\":\"SearchAction\",\"target\":{\"@type\":\"EntryPoint\",\"urlTemplate\":\"https:\/\/pano-group.com\/global\/?s={search_term_string}\"},\"query-input\":{\"@type\":\"PropertyValueSpecification\",\"valueRequired\":true,\"valueName\":\"search_term_string\"}}],\"inLanguage\":\"de\"}]}<\/script>\n<!-- \/ Yoast SEO Premium plugin. -->","yoast_head_json":{"title":"Mitarbeiter werden - Groupe PANO","robots":{"index":"index","follow":"follow","max-snippet":"max-snippet:-1","max-image-preview":"max-image-preview:large","max-video-preview":"max-video-preview:-1"},"canonical":"https:\/\/pano-group.com\/global\/de\/mitarbeiter-werden\/","og_locale":"de_DE","og_type":"article","og_title":"Mitarbeiter werden","og_description":"Wir sind ein leidenschaftliches und dynamisches Team, in dem jeder Mitarbeiter eine Schl\u00fcsselrolle f\u00fcr den Erfolg unserer Projekte spielt. Wenn [&hellip;]","og_url":"https:\/\/pano-group.com\/global\/de\/mitarbeiter-werden\/","og_site_name":"Groupe PANO","article_modified_time":"2025-05-05T15:52:23+00:00","og_image":[{"width":1024,"height":683,"url":"https:\/\/pano-group.com\/global\/wp-content\/uploads\/sites\/187\/2025\/03\/292-1024x683.jpg","type":"image\/jpeg"}],"twitter_card":"summary_large_image","schema":{"@context":"https:\/\/schema.org","@graph":[{"@type":"WebPage","@id":"https:\/\/pano-group.com\/global\/de\/mitarbeiter-werden\/","url":"https:\/\/pano-group.com\/global\/de\/mitarbeiter-werden\/","name":"Mitarbeiter werden - Groupe PANO","isPartOf":{"@id":"https:\/\/pano-group.com\/global\/#website"},"primaryImageOfPage":{"@id":"https:\/\/pano-group.com\/global\/de\/mitarbeiter-werden\/#primaryimage"},"image":{"@id":"https:\/\/pano-group.com\/global\/de\/mitarbeiter-werden\/#primaryimage"},"thumbnailUrl":"https:\/\/pano-group.com\/wp-content\/uploads\/sites\/187\/2025\/03\/292.jpg","datePublished":"2025-03-21T15:35:30+00:00","dateModified":"2025-05-05T15:52:23+00:00","breadcrumb":{"@id":"https:\/\/pano-group.com\/global\/de\/mitarbeiter-werden\/#breadcrumb"},"inLanguage":"de","potentialAction":[{"@type":"ReadAction","target":["https:\/\/pano-group.com\/global\/de\/mitarbeiter-werden\/"]}]},{"@type":"ImageObject","inLanguage":"de","@id":"https:\/\/pano-group.com\/global\/de\/mitarbeiter-werden\/#primaryimage","url":"https:\/\/pano-group.com\/wp-content\/uploads\/sites\/187\/2025\/03\/292.jpg","contentUrl":"https:\/\/pano-group.com\/wp-content\/uploads\/sites\/187\/2025\/03\/292.jpg","width":1700,"height":1133},{"@type":"BreadcrumbList","@id":"https:\/\/pano-group.com\/global\/de\/mitarbeiter-werden\/#breadcrumb","itemListElement":[{"@type":"ListItem","position":1,"name":"Accueil","item":"https:\/\/pano-group.com\/global\/de\/"},{"@type":"ListItem","position":2,"name":"Mitarbeiter werden"}]},{"@type":"WebSite","@id":"https:\/\/pano-group.com\/global\/#website","url":"https:\/\/pano-group.com\/global\/","name":"Groupe PANO","description":"","potentialAction":[{"@type":"SearchAction","target":{"@type":"EntryPoint","urlTemplate":"https:\/\/pano-group.com\/global\/?s={search_term_string}"},"query-input":{"@type":"PropertyValueSpecification","valueRequired":true,"valueName":"search_term_string"}}],"inLanguage":"de"}]}},"_links":{"self":[{"href":"https:\/\/pano-group.com\/de\/wp-json\/wp\/v2\/pages\/2260","targetHints":{"allow":["GET"]}}],"collection":[{"href":"https:\/\/pano-group.com\/de\/wp-json\/wp\/v2\/pages"}],"about":[{"href":"https:\/\/pano-group.com\/de\/wp-json\/wp\/v2\/types\/page"}],"author":[{"embeddable":true,"href":"https:\/\/pano-group.com\/de\/wp-json\/wp\/v2\/users\/7"}],"replies":[{"embeddable":true,"href":"https:\/\/pano-group.com\/de\/wp-json\/wp\/v2\/comments?post=2260"}],"version-history":[{"count":2,"href":"https:\/\/pano-group.com\/de\/wp-json\/wp\/v2\/pages\/2260\/revisions"}],"predecessor-version":[{"id":3100,"href":"https:\/\/pano-group.com\/de\/wp-json\/wp\/v2\/pages\/2260\/revisions\/3100"}],"wp:featuredmedia":[{"embeddable":true,"href":"https:\/\/pano-group.com\/de\/wp-json\/wp\/v2\/media\/2296"}],"wp:attachment":[{"href":"https:\/\/pano-group.com\/de\/wp-json\/wp\/v2\/media?parent=2260"}],"curies":[{"name":"wp","href":"https:\/\/api.w.org\/{rel}","templated":true}]}}