{"id":2992,"date":"2025-01-31T10:19:40","date_gmt":"2025-01-31T09:19:40","guid":{"rendered":"https:\/\/pano-group.com\/ueber-uns\/"},"modified":"2025-05-05T17:53:11","modified_gmt":"2025-05-05T15:53:11","slug":"ueber-uns","status":"publish","type":"page","link":"https:\/\/pano-group.com\/de\/ueber-uns\/","title":{"rendered":"\u00dcber uns"},"content":{"rendered":"\n<p>Seit mehr als 45 Jahren ist PANO ein unumg\u00e4nglicher Akteur im Bereich der visuellen Kommunikation und der Beschilderung. Unsere Geschichte ist gepr\u00e4gt von einer k\u00fchnen Vision, soliden Werten und einer konstanten Entwicklung, die unsere F\u00e4higkeit widerspiegeln, die Bed\u00fcrfnisse unserer Kunden auf der ganzen Welt zu antizipieren und zu erf\u00fcllen. <\/p>\n","protected":false},"excerpt":{"rendered":"<p>Seit mehr als 45 Jahren ist PANO ein unumg\u00e4nglicher Akteur im Bereich der visuellen Kommunikation und der Beschilderung. Unsere Geschichte [&hellip;]<\/p>\n","protected":false},"author":1,"featured_media":3020,"parent":0,"menu_order":0,"comment_status":"closed","ping_status":"closed","template":"","meta":{"_acf_changed":false,"footnotes":""},"class_list":["post-2992","page","type-page","status-publish","has-post-thumbnail","hentry"],"acf":[],"yoast_head":"<!-- This site is optimized with the Yoast SEO Premium plugin v25.8 (Yoast SEO v25.8) - https:\/\/yoast.com\/wordpress\/plugins\/seo\/ -->\n<title>\u00dcber uns - Groupe PANO<\/title>\n<meta name=\"robots\" content=\"index, follow, max-snippet:-1, max-image-preview:large, max-video-preview:-1\" \/>\n<link rel=\"canonical\" href=\"https:\/\/pano-group.com\/global\/de\/ueber-uns\/\" \/>\n<meta property=\"og:locale\" content=\"de_DE\" \/>\n<meta property=\"og:type\" content=\"article\" \/>\n<meta property=\"og:title\" content=\"\u00dcber uns\" \/>\n<meta property=\"og:description\" content=\"Seit mehr als 45 Jahren ist PANO ein unumg\u00e4nglicher Akteur im Bereich der visuellen Kommunikation und der Beschilderung. Unsere Geschichte [&hellip;]\" \/>\n<meta property=\"og:url\" content=\"https:\/\/pano-group.com\/global\/de\/ueber-uns\/\" \/>\n<meta property=\"og:site_name\" content=\"Groupe PANO\" \/>\n<meta property=\"article:modified_time\" content=\"2025-05-05T15:53:11+00:00\" \/>\n<meta property=\"og:image\" content=\"https:\/\/pano-group.com\/global\/wp-content\/uploads\/sites\/187\/2025\/04\/Image-page-1-e1745936520325.png\" \/>\n\t<meta property=\"og:image:width\" content=\"750\" \/>\n\t<meta property=\"og:image:height\" content=\"287\" \/>\n\t<meta property=\"og:image:type\" content=\"image\/png\" \/>\n<meta name=\"twitter:card\" content=\"summary_large_image\" \/>\n<script type=\"application\/ld+json\" class=\"yoast-schema-graph\">{\"@context\":\"https:\/\/schema.org\",\"@graph\":[{\"@type\":\"WebPage\",\"@id\":\"https:\/\/pano-group.com\/global\/de\/ueber-uns\/\",\"url\":\"https:\/\/pano-group.com\/global\/de\/ueber-uns\/\",\"name\":\"\u00dcber uns - Groupe PANO\",\"isPartOf\":{\"@id\":\"https:\/\/pano-group.com\/global\/#website\"},\"primaryImageOfPage\":{\"@id\":\"https:\/\/pano-group.com\/global\/de\/ueber-uns\/#primaryimage\"},\"image\":{\"@id\":\"https:\/\/pano-group.com\/global\/de\/ueber-uns\/#primaryimage\"},\"thumbnailUrl\":\"https:\/\/pano-group.com\/wp-content\/uploads\/sites\/187\/2025\/04\/Image-page-1-e1745936520325.png\",\"datePublished\":\"2025-01-31T09:19:40+00:00\",\"dateModified\":\"2025-05-05T15:53:11+00:00\",\"breadcrumb\":{\"@id\":\"https:\/\/pano-group.com\/global\/de\/ueber-uns\/#breadcrumb\"},\"inLanguage\":\"de\",\"potentialAction\":[{\"@type\":\"ReadAction\",\"target\":[\"https:\/\/pano-group.com\/global\/de\/ueber-uns\/\"]}]},{\"@type\":\"ImageObject\",\"inLanguage\":\"de\",\"@id\":\"https:\/\/pano-group.com\/global\/de\/ueber-uns\/#primaryimage\",\"url\":\"https:\/\/pano-group.com\/wp-content\/uploads\/sites\/187\/2025\/04\/Image-page-1-e1745936520325.png\",\"contentUrl\":\"https:\/\/pano-group.com\/wp-content\/uploads\/sites\/187\/2025\/04\/Image-page-1-e1745936520325.png\",\"width\":750,\"height\":287},{\"@type\":\"BreadcrumbList\",\"@id\":\"https:\/\/pano-group.com\/global\/de\/ueber-uns\/#breadcrumb\",\"itemListElement\":[{\"@type\":\"ListItem\",\"position\":1,\"name\":\"Accueil\",\"item\":\"https:\/\/pano-group.com\/global\/de\/\"},{\"@type\":\"ListItem\",\"position\":2,\"name\":\"\u00dcber uns\"}]},{\"@type\":\"WebSite\",\"@id\":\"https:\/\/pano-group.com\/global\/#website\",\"url\":\"https:\/\/pano-group.com\/global\/\",\"name\":\"Groupe PANO\",\"description\":\"\",\"potentialAction\":[{\"@type\":\"SearchAction\",\"target\":{\"@type\":\"EntryPoint\",\"urlTemplate\":\"https:\/\/pano-group.com\/global\/?s={search_term_string}\"},\"query-input\":{\"@type\":\"PropertyValueSpecification\",\"valueRequired\":true,\"valueName\":\"search_term_string\"}}],\"inLanguage\":\"de\"}]}<\/script>\n<!-- \/ Yoast SEO Premium plugin. -->","yoast_head_json":{"title":"\u00dcber uns - Groupe PANO","robots":{"index":"index","follow":"follow","max-snippet":"max-snippet:-1","max-image-preview":"max-image-preview:large","max-video-preview":"max-video-preview:-1"},"canonical":"https:\/\/pano-group.com\/global\/de\/ueber-uns\/","og_locale":"de_DE","og_type":"article","og_title":"\u00dcber uns","og_description":"Seit mehr als 45 Jahren ist PANO ein unumg\u00e4nglicher Akteur im Bereich der visuellen Kommunikation und der Beschilderung. Unsere Geschichte [&hellip;]","og_url":"https:\/\/pano-group.com\/global\/de\/ueber-uns\/","og_site_name":"Groupe PANO","article_modified_time":"2025-05-05T15:53:11+00:00","og_image":[{"width":750,"height":287,"url":"https:\/\/pano-group.com\/global\/wp-content\/uploads\/sites\/187\/2025\/04\/Image-page-1-e1745936520325.png","type":"image\/png"}],"twitter_card":"summary_large_image","schema":{"@context":"https:\/\/schema.org","@graph":[{"@type":"WebPage","@id":"https:\/\/pano-group.com\/global\/de\/ueber-uns\/","url":"https:\/\/pano-group.com\/global\/de\/ueber-uns\/","name":"\u00dcber uns - Groupe PANO","isPartOf":{"@id":"https:\/\/pano-group.com\/global\/#website"},"primaryImageOfPage":{"@id":"https:\/\/pano-group.com\/global\/de\/ueber-uns\/#primaryimage"},"image":{"@id":"https:\/\/pano-group.com\/global\/de\/ueber-uns\/#primaryimage"},"thumbnailUrl":"https:\/\/pano-group.com\/wp-content\/uploads\/sites\/187\/2025\/04\/Image-page-1-e1745936520325.png","datePublished":"2025-01-31T09:19:40+00:00","dateModified":"2025-05-05T15:53:11+00:00","breadcrumb":{"@id":"https:\/\/pano-group.com\/global\/de\/ueber-uns\/#breadcrumb"},"inLanguage":"de","potentialAction":[{"@type":"ReadAction","target":["https:\/\/pano-group.com\/global\/de\/ueber-uns\/"]}]},{"@type":"ImageObject","inLanguage":"de","@id":"https:\/\/pano-group.com\/global\/de\/ueber-uns\/#primaryimage","url":"https:\/\/pano-group.com\/wp-content\/uploads\/sites\/187\/2025\/04\/Image-page-1-e1745936520325.png","contentUrl":"https:\/\/pano-group.com\/wp-content\/uploads\/sites\/187\/2025\/04\/Image-page-1-e1745936520325.png","width":750,"height":287},{"@type":"BreadcrumbList","@id":"https:\/\/pano-group.com\/global\/de\/ueber-uns\/#breadcrumb","itemListElement":[{"@type":"ListItem","position":1,"name":"Accueil","item":"https:\/\/pano-group.com\/global\/de\/"},{"@type":"ListItem","position":2,"name":"\u00dcber uns"}]},{"@type":"WebSite","@id":"https:\/\/pano-group.com\/global\/#website","url":"https:\/\/pano-group.com\/global\/","name":"Groupe PANO","description":"","potentialAction":[{"@type":"SearchAction","target":{"@type":"EntryPoint","urlTemplate":"https:\/\/pano-group.com\/global\/?s={search_term_string}"},"query-input":{"@type":"PropertyValueSpecification","valueRequired":true,"valueName":"search_term_string"}}],"inLanguage":"de"}]}},"_links":{"self":[{"href":"https:\/\/pano-group.com\/de\/wp-json\/wp\/v2\/pages\/2992","targetHints":{"allow":["GET"]}}],"collection":[{"href":"https:\/\/pano-group.com\/de\/wp-json\/wp\/v2\/pages"}],"about":[{"href":"https:\/\/pano-group.com\/de\/wp-json\/wp\/v2\/types\/page"}],"author":[{"embeddable":true,"href":"https:\/\/pano-group.com\/de\/wp-json\/wp\/v2\/users\/1"}],"replies":[{"embeddable":true,"href":"https:\/\/pano-group.com\/de\/wp-json\/wp\/v2\/comments?post=2992"}],"version-history":[{"count":2,"href":"https:\/\/pano-group.com\/de\/wp-json\/wp\/v2\/pages\/2992\/revisions"}],"predecessor-version":[{"id":3025,"href":"https:\/\/pano-group.com\/de\/wp-json\/wp\/v2\/pages\/2992\/revisions\/3025"}],"wp:featuredmedia":[{"embeddable":true,"href":"https:\/\/pano-group.com\/de\/wp-json\/wp\/v2\/media\/3020"}],"wp:attachment":[{"href":"https:\/\/pano-group.com\/de\/wp-json\/wp\/v2\/media?parent=2992"}],"curies":[{"name":"wp","href":"https:\/\/api.w.org\/{rel}","templated":true}]}}