{"id":2250,"date":"2025-03-25T10:50:34","date_gmt":"2025-03-25T09:50:34","guid":{"rendered":"https:\/\/pano-group.com\/hazte-distribuidor\/"},"modified":"2025-05-05T17:52:24","modified_gmt":"2025-05-05T15:52:24","slug":"hazte-distribuidor","status":"publish","type":"page","link":"https:\/\/pano-group.com\/es\/hazte-distribuidor\/","title":{"rendered":"Hazte distribuidor"},"content":{"rendered":"\n<p>Con un concepto llave en mano, asistencia experta y una marca s\u00f3lida, puedes crear tu empresa con toda tranquilidad gracias a la red l\u00edder en se\u00f1alizaci\u00f3n y marcaje.<\/p>\n","protected":false},"excerpt":{"rendered":"<p>Con un concepto llave en mano, asistencia experta y una marca s\u00f3lida, puedes crear tu empresa con toda tranquilidad gracias [&hellip;]<\/p>\n","protected":false},"author":7,"featured_media":2268,"parent":0,"menu_order":0,"comment_status":"closed","ping_status":"closed","template":"","meta":{"_acf_changed":false,"footnotes":""},"class_list":["post-2250","page","type-page","status-publish","has-post-thumbnail","hentry"],"acf":[],"yoast_head":"<!-- This site is optimized with the Yoast SEO Premium plugin v25.8 (Yoast SEO v25.8) - https:\/\/yoast.com\/wordpress\/plugins\/seo\/ -->\n<title>Hazte distribuidor - Groupe PANO<\/title>\n<meta name=\"description\" content=\"Inicia tu propio negocio con PANO, el l\u00edder en se\u00f1alizaci\u00f3n. Un concepto llave en mano y el apoyo de expertos para ayudarte a triunfar. \u00a1Ven y \u00fanete a nosotros!\" \/>\n<meta name=\"robots\" content=\"index, follow, max-snippet:-1, max-image-preview:large, max-video-preview:-1\" \/>\n<link rel=\"canonical\" href=\"https:\/\/pano-group.com\/global\/es\/hazte-distribuidor\/\" \/>\n<meta property=\"og:locale\" content=\"es_ES\" \/>\n<meta property=\"og:type\" content=\"article\" \/>\n<meta property=\"og:title\" content=\"Hazte distribuidor\" \/>\n<meta property=\"og:description\" content=\"Inicia tu propio negocio con PANO, el l\u00edder en se\u00f1alizaci\u00f3n. Un concepto llave en mano y el apoyo de expertos para ayudarte a triunfar. \u00a1Ven y \u00fanete a nosotros!\" \/>\n<meta property=\"og:url\" content=\"https:\/\/pano-group.com\/global\/es\/hazte-distribuidor\/\" \/>\n<meta property=\"og:site_name\" content=\"Groupe PANO\" \/>\n<meta property=\"article:modified_time\" content=\"2025-05-05T15:52:24+00:00\" \/>\n<meta property=\"og:image\" content=\"https:\/\/pano-group.com\/global\/wp-content\/uploads\/sites\/187\/2025\/03\/Pano-50-2-1024x683.jpg\" \/>\n\t<meta property=\"og:image:width\" content=\"1024\" \/>\n\t<meta property=\"og:image:height\" content=\"683\" \/>\n\t<meta property=\"og:image:type\" content=\"image\/jpeg\" \/>\n<meta name=\"twitter:card\" content=\"summary_large_image\" \/>\n<script type=\"application\/ld+json\" class=\"yoast-schema-graph\">{\"@context\":\"https:\/\/schema.org\",\"@graph\":[{\"@type\":\"WebPage\",\"@id\":\"https:\/\/pano-group.com\/global\/es\/hazte-distribuidor\/\",\"url\":\"https:\/\/pano-group.com\/global\/es\/hazte-distribuidor\/\",\"name\":\"Hazte distribuidor - Groupe PANO\",\"isPartOf\":{\"@id\":\"https:\/\/pano-group.com\/global\/#website\"},\"primaryImageOfPage\":{\"@id\":\"https:\/\/pano-group.com\/global\/es\/hazte-distribuidor\/#primaryimage\"},\"image\":{\"@id\":\"https:\/\/pano-group.com\/global\/es\/hazte-distribuidor\/#primaryimage\"},\"thumbnailUrl\":\"https:\/\/pano-group.com\/wp-content\/uploads\/sites\/187\/2025\/03\/Pano-50-2.jpg\",\"datePublished\":\"2025-03-25T09:50:34+00:00\",\"dateModified\":\"2025-05-05T15:52:24+00:00\",\"description\":\"Inicia tu propio negocio con PANO, el l\u00edder en se\u00f1alizaci\u00f3n. Un concepto llave en mano y el apoyo de expertos para ayudarte a triunfar. \u00a1Ven y \u00fanete a nosotros!\",\"breadcrumb\":{\"@id\":\"https:\/\/pano-group.com\/global\/es\/hazte-distribuidor\/#breadcrumb\"},\"inLanguage\":\"es\",\"potentialAction\":[{\"@type\":\"ReadAction\",\"target\":[\"https:\/\/pano-group.com\/global\/es\/hazte-distribuidor\/\"]}]},{\"@type\":\"ImageObject\",\"inLanguage\":\"es\",\"@id\":\"https:\/\/pano-group.com\/global\/es\/hazte-distribuidor\/#primaryimage\",\"url\":\"https:\/\/pano-group.com\/wp-content\/uploads\/sites\/187\/2025\/03\/Pano-50-2.jpg\",\"contentUrl\":\"https:\/\/pano-group.com\/wp-content\/uploads\/sites\/187\/2025\/03\/Pano-50-2.jpg\",\"width\":1700,\"height\":1133},{\"@type\":\"BreadcrumbList\",\"@id\":\"https:\/\/pano-group.com\/global\/es\/hazte-distribuidor\/#breadcrumb\",\"itemListElement\":[{\"@type\":\"ListItem\",\"position\":1,\"name\":\"Accueil\",\"item\":\"https:\/\/pano-group.com\/global\/es\/\"},{\"@type\":\"ListItem\",\"position\":2,\"name\":\"Hazte distribuidor\"}]},{\"@type\":\"WebSite\",\"@id\":\"https:\/\/pano-group.com\/global\/#website\",\"url\":\"https:\/\/pano-group.com\/global\/\",\"name\":\"Groupe PANO\",\"description\":\"\",\"potentialAction\":[{\"@type\":\"SearchAction\",\"target\":{\"@type\":\"EntryPoint\",\"urlTemplate\":\"https:\/\/pano-group.com\/global\/?s={search_term_string}\"},\"query-input\":{\"@type\":\"PropertyValueSpecification\",\"valueRequired\":true,\"valueName\":\"search_term_string\"}}],\"inLanguage\":\"es\"}]}<\/script>\n<!-- \/ Yoast SEO Premium plugin. -->","yoast_head_json":{"title":"Hazte distribuidor - Groupe PANO","description":"Inicia tu propio negocio con PANO, el l\u00edder en se\u00f1alizaci\u00f3n. Un concepto llave en mano y el apoyo de expertos para ayudarte a triunfar. \u00a1Ven y \u00fanete a nosotros!","robots":{"index":"index","follow":"follow","max-snippet":"max-snippet:-1","max-image-preview":"max-image-preview:large","max-video-preview":"max-video-preview:-1"},"canonical":"https:\/\/pano-group.com\/global\/es\/hazte-distribuidor\/","og_locale":"es_ES","og_type":"article","og_title":"Hazte distribuidor","og_description":"Inicia tu propio negocio con PANO, el l\u00edder en se\u00f1alizaci\u00f3n. Un concepto llave en mano y el apoyo de expertos para ayudarte a triunfar. \u00a1Ven y \u00fanete a nosotros!","og_url":"https:\/\/pano-group.com\/global\/es\/hazte-distribuidor\/","og_site_name":"Groupe PANO","article_modified_time":"2025-05-05T15:52:24+00:00","og_image":[{"width":1024,"height":683,"url":"https:\/\/pano-group.com\/global\/wp-content\/uploads\/sites\/187\/2025\/03\/Pano-50-2-1024x683.jpg","type":"image\/jpeg"}],"twitter_card":"summary_large_image","schema":{"@context":"https:\/\/schema.org","@graph":[{"@type":"WebPage","@id":"https:\/\/pano-group.com\/global\/es\/hazte-distribuidor\/","url":"https:\/\/pano-group.com\/global\/es\/hazte-distribuidor\/","name":"Hazte distribuidor - Groupe PANO","isPartOf":{"@id":"https:\/\/pano-group.com\/global\/#website"},"primaryImageOfPage":{"@id":"https:\/\/pano-group.com\/global\/es\/hazte-distribuidor\/#primaryimage"},"image":{"@id":"https:\/\/pano-group.com\/global\/es\/hazte-distribuidor\/#primaryimage"},"thumbnailUrl":"https:\/\/pano-group.com\/wp-content\/uploads\/sites\/187\/2025\/03\/Pano-50-2.jpg","datePublished":"2025-03-25T09:50:34+00:00","dateModified":"2025-05-05T15:52:24+00:00","description":"Inicia tu propio negocio con PANO, el l\u00edder en se\u00f1alizaci\u00f3n. Un concepto llave en mano y el apoyo de expertos para ayudarte a triunfar. \u00a1Ven y \u00fanete a nosotros!","breadcrumb":{"@id":"https:\/\/pano-group.com\/global\/es\/hazte-distribuidor\/#breadcrumb"},"inLanguage":"es","potentialAction":[{"@type":"ReadAction","target":["https:\/\/pano-group.com\/global\/es\/hazte-distribuidor\/"]}]},{"@type":"ImageObject","inLanguage":"es","@id":"https:\/\/pano-group.com\/global\/es\/hazte-distribuidor\/#primaryimage","url":"https:\/\/pano-group.com\/wp-content\/uploads\/sites\/187\/2025\/03\/Pano-50-2.jpg","contentUrl":"https:\/\/pano-group.com\/wp-content\/uploads\/sites\/187\/2025\/03\/Pano-50-2.jpg","width":1700,"height":1133},{"@type":"BreadcrumbList","@id":"https:\/\/pano-group.com\/global\/es\/hazte-distribuidor\/#breadcrumb","itemListElement":[{"@type":"ListItem","position":1,"name":"Accueil","item":"https:\/\/pano-group.com\/global\/es\/"},{"@type":"ListItem","position":2,"name":"Hazte distribuidor"}]},{"@type":"WebSite","@id":"https:\/\/pano-group.com\/global\/#website","url":"https:\/\/pano-group.com\/global\/","name":"Groupe PANO","description":"","potentialAction":[{"@type":"SearchAction","target":{"@type":"EntryPoint","urlTemplate":"https:\/\/pano-group.com\/global\/?s={search_term_string}"},"query-input":{"@type":"PropertyValueSpecification","valueRequired":true,"valueName":"search_term_string"}}],"inLanguage":"es"}]}},"_links":{"self":[{"href":"https:\/\/pano-group.com\/es\/wp-json\/wp\/v2\/pages\/2250","targetHints":{"allow":["GET"]}}],"collection":[{"href":"https:\/\/pano-group.com\/es\/wp-json\/wp\/v2\/pages"}],"about":[{"href":"https:\/\/pano-group.com\/es\/wp-json\/wp\/v2\/types\/page"}],"author":[{"embeddable":true,"href":"https:\/\/pano-group.com\/es\/wp-json\/wp\/v2\/users\/7"}],"replies":[{"embeddable":true,"href":"https:\/\/pano-group.com\/es\/wp-json\/wp\/v2\/comments?post=2250"}],"version-history":[{"count":1,"href":"https:\/\/pano-group.com\/es\/wp-json\/wp\/v2\/pages\/2250\/revisions"}],"predecessor-version":[{"id":2322,"href":"https:\/\/pano-group.com\/es\/wp-json\/wp\/v2\/pages\/2250\/revisions\/2322"}],"wp:featuredmedia":[{"embeddable":true,"href":"https:\/\/pano-group.com\/es\/wp-json\/wp\/v2\/media\/2268"}],"wp:attachment":[{"href":"https:\/\/pano-group.com\/es\/wp-json\/wp\/v2\/media?parent=2250"}],"curies":[{"name":"wp","href":"https:\/\/api.w.org\/{rel}","templated":true}]}}