{"id":2689,"date":"2025-03-18T09:26:53","date_gmt":"2025-03-18T08:26:53","guid":{"rendered":"https:\/\/pano-group.com\/academia-pano\/"},"modified":"2025-05-05T17:52:58","modified_gmt":"2025-05-05T15:52:58","slug":"academia-pano","status":"publish","type":"page","link":"https:\/\/pano-group.com\/es\/academia-pano\/","title":{"rendered":"Academia PANO"},"content":{"rendered":"\n<p>Desde hace m\u00e1s de 45 a\u00f1os, PANO comparte sus conocimientos y su experiencia en el \u00e1mbito de la se\u00f1alizaci\u00f3n. La Academia PANO se inscribe en esta din\u00e1mica, ofreciendo una formaci\u00f3n adaptada a las exigencias del sector, combinando los conocimientos t\u00e9cnicos con un enfoque innovador para apoyar a los profesionales de hoy y de ma\u00f1ana. <\/p>\n","protected":false},"excerpt":{"rendered":"<p>Desde hace m\u00e1s de 45 a\u00f1os, PANO comparte sus conocimientos y su experiencia en el \u00e1mbito de la se\u00f1alizaci\u00f3n. La [&hellip;]<\/p>\n","protected":false},"author":7,"featured_media":2740,"parent":0,"menu_order":0,"comment_status":"closed","ping_status":"closed","template":"","meta":{"_acf_changed":false,"footnotes":""},"class_list":["post-2689","page","type-page","status-publish","has-post-thumbnail","hentry"],"acf":[],"yoast_head":"<!-- This site is optimized with the Yoast SEO Premium plugin v25.8 (Yoast SEO v25.8) - https:\/\/yoast.com\/wordpress\/plugins\/seo\/ -->\n<title>Academia PANO - Groupe PANO<\/title>\n<meta name=\"description\" content=\"Formaci\u00f3n de la Academia PANO: cursos de formaci\u00f3n en se\u00f1alizaci\u00f3n que combinan experiencia e innovaci\u00f3n para profesionales.\" \/>\n<meta name=\"robots\" content=\"index, follow, max-snippet:-1, max-image-preview:large, max-video-preview:-1\" \/>\n<link rel=\"canonical\" href=\"https:\/\/pano-group.com\/global\/es\/academia-pano\/\" \/>\n<meta property=\"og:locale\" content=\"es_ES\" \/>\n<meta property=\"og:type\" content=\"article\" \/>\n<meta property=\"og:title\" content=\"Academia PANO\" \/>\n<meta property=\"og:description\" content=\"Formaci\u00f3n de la Academia PANO: cursos de formaci\u00f3n en se\u00f1alizaci\u00f3n que combinan experiencia e innovaci\u00f3n para profesionales.\" \/>\n<meta property=\"og:url\" content=\"https:\/\/pano-group.com\/global\/es\/academia-pano\/\" \/>\n<meta property=\"og:site_name\" content=\"Groupe PANO\" \/>\n<meta property=\"article:modified_time\" content=\"2025-05-05T15:52:58+00:00\" \/>\n<meta property=\"og:image\" content=\"https:\/\/pano-group.com\/global\/wp-content\/uploads\/sites\/187\/2025\/03\/Dimension-images-titres-1.png\" \/>\n\t<meta property=\"og:image:width\" content=\"750\" \/>\n\t<meta property=\"og:image:height\" content=\"390\" \/>\n\t<meta property=\"og:image:type\" content=\"image\/png\" \/>\n<meta name=\"twitter:card\" content=\"summary_large_image\" \/>\n<script type=\"application\/ld+json\" class=\"yoast-schema-graph\">{\"@context\":\"https:\/\/schema.org\",\"@graph\":[{\"@type\":\"WebPage\",\"@id\":\"https:\/\/pano-group.com\/global\/es\/academia-pano\/\",\"url\":\"https:\/\/pano-group.com\/global\/es\/academia-pano\/\",\"name\":\"Academia PANO - Groupe PANO\",\"isPartOf\":{\"@id\":\"https:\/\/pano-group.com\/global\/#website\"},\"primaryImageOfPage\":{\"@id\":\"https:\/\/pano-group.com\/global\/es\/academia-pano\/#primaryimage\"},\"image\":{\"@id\":\"https:\/\/pano-group.com\/global\/es\/academia-pano\/#primaryimage\"},\"thumbnailUrl\":\"https:\/\/pano-group.com\/wp-content\/uploads\/sites\/187\/2025\/03\/Dimension-images-titres-1.png\",\"datePublished\":\"2025-03-18T08:26:53+00:00\",\"dateModified\":\"2025-05-05T15:52:58+00:00\",\"description\":\"Formaci\u00f3n de la Academia PANO: cursos de formaci\u00f3n en se\u00f1alizaci\u00f3n que combinan experiencia e innovaci\u00f3n para profesionales.\",\"breadcrumb\":{\"@id\":\"https:\/\/pano-group.com\/global\/es\/academia-pano\/#breadcrumb\"},\"inLanguage\":\"es\",\"potentialAction\":[{\"@type\":\"ReadAction\",\"target\":[\"https:\/\/pano-group.com\/global\/es\/academia-pano\/\"]}]},{\"@type\":\"ImageObject\",\"inLanguage\":\"es\",\"@id\":\"https:\/\/pano-group.com\/global\/es\/academia-pano\/#primaryimage\",\"url\":\"https:\/\/pano-group.com\/wp-content\/uploads\/sites\/187\/2025\/03\/Dimension-images-titres-1.png\",\"contentUrl\":\"https:\/\/pano-group.com\/wp-content\/uploads\/sites\/187\/2025\/03\/Dimension-images-titres-1.png\",\"width\":750,\"height\":390},{\"@type\":\"BreadcrumbList\",\"@id\":\"https:\/\/pano-group.com\/global\/es\/academia-pano\/#breadcrumb\",\"itemListElement\":[{\"@type\":\"ListItem\",\"position\":1,\"name\":\"Accueil\",\"item\":\"https:\/\/pano-group.com\/global\/es\/\"},{\"@type\":\"ListItem\",\"position\":2,\"name\":\"Academia PANO\"}]},{\"@type\":\"WebSite\",\"@id\":\"https:\/\/pano-group.com\/global\/#website\",\"url\":\"https:\/\/pano-group.com\/global\/\",\"name\":\"Groupe PANO\",\"description\":\"\",\"potentialAction\":[{\"@type\":\"SearchAction\",\"target\":{\"@type\":\"EntryPoint\",\"urlTemplate\":\"https:\/\/pano-group.com\/global\/?s={search_term_string}\"},\"query-input\":{\"@type\":\"PropertyValueSpecification\",\"valueRequired\":true,\"valueName\":\"search_term_string\"}}],\"inLanguage\":\"es\"}]}<\/script>\n<!-- \/ Yoast SEO Premium plugin. -->","yoast_head_json":{"title":"Academia PANO - Groupe PANO","description":"Formaci\u00f3n de la Academia PANO: cursos de formaci\u00f3n en se\u00f1alizaci\u00f3n que combinan experiencia e innovaci\u00f3n para profesionales.","robots":{"index":"index","follow":"follow","max-snippet":"max-snippet:-1","max-image-preview":"max-image-preview:large","max-video-preview":"max-video-preview:-1"},"canonical":"https:\/\/pano-group.com\/global\/es\/academia-pano\/","og_locale":"es_ES","og_type":"article","og_title":"Academia PANO","og_description":"Formaci\u00f3n de la Academia PANO: cursos de formaci\u00f3n en se\u00f1alizaci\u00f3n que combinan experiencia e innovaci\u00f3n para profesionales.","og_url":"https:\/\/pano-group.com\/global\/es\/academia-pano\/","og_site_name":"Groupe PANO","article_modified_time":"2025-05-05T15:52:58+00:00","og_image":[{"width":750,"height":390,"url":"https:\/\/pano-group.com\/global\/wp-content\/uploads\/sites\/187\/2025\/03\/Dimension-images-titres-1.png","type":"image\/png"}],"twitter_card":"summary_large_image","schema":{"@context":"https:\/\/schema.org","@graph":[{"@type":"WebPage","@id":"https:\/\/pano-group.com\/global\/es\/academia-pano\/","url":"https:\/\/pano-group.com\/global\/es\/academia-pano\/","name":"Academia PANO - Groupe PANO","isPartOf":{"@id":"https:\/\/pano-group.com\/global\/#website"},"primaryImageOfPage":{"@id":"https:\/\/pano-group.com\/global\/es\/academia-pano\/#primaryimage"},"image":{"@id":"https:\/\/pano-group.com\/global\/es\/academia-pano\/#primaryimage"},"thumbnailUrl":"https:\/\/pano-group.com\/wp-content\/uploads\/sites\/187\/2025\/03\/Dimension-images-titres-1.png","datePublished":"2025-03-18T08:26:53+00:00","dateModified":"2025-05-05T15:52:58+00:00","description":"Formaci\u00f3n de la Academia PANO: cursos de formaci\u00f3n en se\u00f1alizaci\u00f3n que combinan experiencia e innovaci\u00f3n para profesionales.","breadcrumb":{"@id":"https:\/\/pano-group.com\/global\/es\/academia-pano\/#breadcrumb"},"inLanguage":"es","potentialAction":[{"@type":"ReadAction","target":["https:\/\/pano-group.com\/global\/es\/academia-pano\/"]}]},{"@type":"ImageObject","inLanguage":"es","@id":"https:\/\/pano-group.com\/global\/es\/academia-pano\/#primaryimage","url":"https:\/\/pano-group.com\/wp-content\/uploads\/sites\/187\/2025\/03\/Dimension-images-titres-1.png","contentUrl":"https:\/\/pano-group.com\/wp-content\/uploads\/sites\/187\/2025\/03\/Dimension-images-titres-1.png","width":750,"height":390},{"@type":"BreadcrumbList","@id":"https:\/\/pano-group.com\/global\/es\/academia-pano\/#breadcrumb","itemListElement":[{"@type":"ListItem","position":1,"name":"Accueil","item":"https:\/\/pano-group.com\/global\/es\/"},{"@type":"ListItem","position":2,"name":"Academia PANO"}]},{"@type":"WebSite","@id":"https:\/\/pano-group.com\/global\/#website","url":"https:\/\/pano-group.com\/global\/","name":"Groupe PANO","description":"","potentialAction":[{"@type":"SearchAction","target":{"@type":"EntryPoint","urlTemplate":"https:\/\/pano-group.com\/global\/?s={search_term_string}"},"query-input":{"@type":"PropertyValueSpecification","valueRequired":true,"valueName":"search_term_string"}}],"inLanguage":"es"}]}},"_links":{"self":[{"href":"https:\/\/pano-group.com\/es\/wp-json\/wp\/v2\/pages\/2689","targetHints":{"allow":["GET"]}}],"collection":[{"href":"https:\/\/pano-group.com\/es\/wp-json\/wp\/v2\/pages"}],"about":[{"href":"https:\/\/pano-group.com\/es\/wp-json\/wp\/v2\/types\/page"}],"author":[{"embeddable":true,"href":"https:\/\/pano-group.com\/es\/wp-json\/wp\/v2\/users\/7"}],"replies":[{"embeddable":true,"href":"https:\/\/pano-group.com\/es\/wp-json\/wp\/v2\/comments?post=2689"}],"version-history":[{"count":3,"href":"https:\/\/pano-group.com\/es\/wp-json\/wp\/v2\/pages\/2689\/revisions"}],"predecessor-version":[{"id":3200,"href":"https:\/\/pano-group.com\/es\/wp-json\/wp\/v2\/pages\/2689\/revisions\/3200"}],"wp:featuredmedia":[{"embeddable":true,"href":"https:\/\/pano-group.com\/es\/wp-json\/wp\/v2\/media\/2740"}],"wp:attachment":[{"href":"https:\/\/pano-group.com\/es\/wp-json\/wp\/v2\/media?parent=2689"}],"curies":[{"name":"wp","href":"https:\/\/api.w.org\/{rel}","templated":true}]}}