{"id":1938,"date":"2025-03-19T11:13:02","date_gmt":"2025-03-19T10:13:02","guid":{"rendered":"https:\/\/pano-group.com\/a-nossa-experiencia\/"},"modified":"2025-05-05T17:52:36","modified_gmt":"2025-05-05T15:52:36","slug":"a-nossa-experiencia","status":"publish","type":"page","link":"https:\/\/pano-group.com\/pt-pt\/a-nossa-experiencia\/","title":{"rendered":"A nossa experi\u00eancia"},"content":{"rendered":"\n<p>Na PANO, somos muito mais do que uma rede de ag\u00eancias de sinaliza\u00e7\u00e3o e de branding.  <br\/>Somos parceiros estrat\u00e9gicos para as empresas que procuram melhorar a sua imagem e aumentar a sua visibilidade.<\/p>\n","protected":false},"excerpt":{"rendered":"<p>Na PANO, somos muito mais do que uma rede de ag\u00eancias de sinaliza\u00e7\u00e3o e de branding. Somos parceiros estrat\u00e9gicos para [&hellip;]<\/p>\n","protected":false},"author":9,"featured_media":1971,"parent":0,"menu_order":0,"comment_status":"closed","ping_status":"closed","template":"","meta":{"_acf_changed":false,"footnotes":""},"class_list":["post-1938","page","type-page","status-publish","has-post-thumbnail","hentry"],"acf":[],"yoast_head":"<!-- This site is optimized with the Yoast SEO Premium plugin v25.8 (Yoast SEO v25.8) - https:\/\/yoast.com\/wordpress\/plugins\/seo\/ -->\n<title>A nossa experi\u00eancia - Groupe PANO<\/title>\n<meta name=\"robots\" content=\"index, follow, max-snippet:-1, max-image-preview:large, max-video-preview:-1\" \/>\n<link rel=\"canonical\" href=\"https:\/\/pano-group.com\/global\/pt-pt\/a-nossa-experiencia\/\" \/>\n<meta property=\"og:locale\" content=\"pt_PT\" \/>\n<meta property=\"og:type\" content=\"article\" \/>\n<meta property=\"og:title\" content=\"A nossa experi\u00eancia\" \/>\n<meta property=\"og:description\" content=\"Na PANO, somos muito mais do que uma rede de ag\u00eancias de sinaliza\u00e7\u00e3o e de branding. Somos parceiros estrat\u00e9gicos para [&hellip;]\" \/>\n<meta property=\"og:url\" content=\"https:\/\/pano-group.com\/global\/pt-pt\/a-nossa-experiencia\/\" \/>\n<meta property=\"og:site_name\" content=\"Groupe PANO\" \/>\n<meta property=\"article:modified_time\" content=\"2025-05-05T15:52:36+00:00\" \/>\n<meta property=\"og:image\" content=\"https:\/\/pano-group.com\/global\/wp-content\/uploads\/sites\/187\/2025\/03\/Design-sans-titre-78.png\" \/>\n\t<meta property=\"og:image:width\" content=\"680\" \/>\n\t<meta property=\"og:image:height\" content=\"220\" \/>\n\t<meta property=\"og:image:type\" content=\"image\/png\" \/>\n<meta name=\"twitter:card\" content=\"summary_large_image\" \/>\n<script type=\"application\/ld+json\" class=\"yoast-schema-graph\">{\"@context\":\"https:\/\/schema.org\",\"@graph\":[{\"@type\":\"WebPage\",\"@id\":\"https:\/\/pano-group.com\/global\/pt-pt\/a-nossa-experiencia\/\",\"url\":\"https:\/\/pano-group.com\/global\/pt-pt\/a-nossa-experiencia\/\",\"name\":\"A nossa experi\u00eancia - Groupe PANO\",\"isPartOf\":{\"@id\":\"https:\/\/pano-group.com\/global\/#website\"},\"primaryImageOfPage\":{\"@id\":\"https:\/\/pano-group.com\/global\/pt-pt\/a-nossa-experiencia\/#primaryimage\"},\"image\":{\"@id\":\"https:\/\/pano-group.com\/global\/pt-pt\/a-nossa-experiencia\/#primaryimage\"},\"thumbnailUrl\":\"https:\/\/pano-group.com\/wp-content\/uploads\/sites\/187\/2025\/03\/Design-sans-titre-78.png\",\"datePublished\":\"2025-03-19T10:13:02+00:00\",\"dateModified\":\"2025-05-05T15:52:36+00:00\",\"breadcrumb\":{\"@id\":\"https:\/\/pano-group.com\/global\/pt-pt\/a-nossa-experiencia\/#breadcrumb\"},\"inLanguage\":\"pt-PT\",\"potentialAction\":[{\"@type\":\"ReadAction\",\"target\":[\"https:\/\/pano-group.com\/global\/pt-pt\/a-nossa-experiencia\/\"]}]},{\"@type\":\"ImageObject\",\"inLanguage\":\"pt-PT\",\"@id\":\"https:\/\/pano-group.com\/global\/pt-pt\/a-nossa-experiencia\/#primaryimage\",\"url\":\"https:\/\/pano-group.com\/wp-content\/uploads\/sites\/187\/2025\/03\/Design-sans-titre-78.png\",\"contentUrl\":\"https:\/\/pano-group.com\/wp-content\/uploads\/sites\/187\/2025\/03\/Design-sans-titre-78.png\",\"width\":680,\"height\":220},{\"@type\":\"BreadcrumbList\",\"@id\":\"https:\/\/pano-group.com\/global\/pt-pt\/a-nossa-experiencia\/#breadcrumb\",\"itemListElement\":[{\"@type\":\"ListItem\",\"position\":1,\"name\":\"Accueil\",\"item\":\"https:\/\/pano-group.com\/global\/pt-pt\/\"},{\"@type\":\"ListItem\",\"position\":2,\"name\":\"A nossa experi\u00eancia\"}]},{\"@type\":\"WebSite\",\"@id\":\"https:\/\/pano-group.com\/global\/#website\",\"url\":\"https:\/\/pano-group.com\/global\/\",\"name\":\"Groupe PANO\",\"description\":\"\",\"potentialAction\":[{\"@type\":\"SearchAction\",\"target\":{\"@type\":\"EntryPoint\",\"urlTemplate\":\"https:\/\/pano-group.com\/global\/?s={search_term_string}\"},\"query-input\":{\"@type\":\"PropertyValueSpecification\",\"valueRequired\":true,\"valueName\":\"search_term_string\"}}],\"inLanguage\":\"pt-PT\"}]}<\/script>\n<!-- \/ Yoast SEO Premium plugin. -->","yoast_head_json":{"title":"A nossa experi\u00eancia - Groupe PANO","robots":{"index":"index","follow":"follow","max-snippet":"max-snippet:-1","max-image-preview":"max-image-preview:large","max-video-preview":"max-video-preview:-1"},"canonical":"https:\/\/pano-group.com\/global\/pt-pt\/a-nossa-experiencia\/","og_locale":"pt_PT","og_type":"article","og_title":"A nossa experi\u00eancia","og_description":"Na PANO, somos muito mais do que uma rede de ag\u00eancias de sinaliza\u00e7\u00e3o e de branding. Somos parceiros estrat\u00e9gicos para [&hellip;]","og_url":"https:\/\/pano-group.com\/global\/pt-pt\/a-nossa-experiencia\/","og_site_name":"Groupe PANO","article_modified_time":"2025-05-05T15:52:36+00:00","og_image":[{"width":680,"height":220,"url":"https:\/\/pano-group.com\/global\/wp-content\/uploads\/sites\/187\/2025\/03\/Design-sans-titre-78.png","type":"image\/png"}],"twitter_card":"summary_large_image","schema":{"@context":"https:\/\/schema.org","@graph":[{"@type":"WebPage","@id":"https:\/\/pano-group.com\/global\/pt-pt\/a-nossa-experiencia\/","url":"https:\/\/pano-group.com\/global\/pt-pt\/a-nossa-experiencia\/","name":"A nossa experi\u00eancia - Groupe PANO","isPartOf":{"@id":"https:\/\/pano-group.com\/global\/#website"},"primaryImageOfPage":{"@id":"https:\/\/pano-group.com\/global\/pt-pt\/a-nossa-experiencia\/#primaryimage"},"image":{"@id":"https:\/\/pano-group.com\/global\/pt-pt\/a-nossa-experiencia\/#primaryimage"},"thumbnailUrl":"https:\/\/pano-group.com\/wp-content\/uploads\/sites\/187\/2025\/03\/Design-sans-titre-78.png","datePublished":"2025-03-19T10:13:02+00:00","dateModified":"2025-05-05T15:52:36+00:00","breadcrumb":{"@id":"https:\/\/pano-group.com\/global\/pt-pt\/a-nossa-experiencia\/#breadcrumb"},"inLanguage":"pt-PT","potentialAction":[{"@type":"ReadAction","target":["https:\/\/pano-group.com\/global\/pt-pt\/a-nossa-experiencia\/"]}]},{"@type":"ImageObject","inLanguage":"pt-PT","@id":"https:\/\/pano-group.com\/global\/pt-pt\/a-nossa-experiencia\/#primaryimage","url":"https:\/\/pano-group.com\/wp-content\/uploads\/sites\/187\/2025\/03\/Design-sans-titre-78.png","contentUrl":"https:\/\/pano-group.com\/wp-content\/uploads\/sites\/187\/2025\/03\/Design-sans-titre-78.png","width":680,"height":220},{"@type":"BreadcrumbList","@id":"https:\/\/pano-group.com\/global\/pt-pt\/a-nossa-experiencia\/#breadcrumb","itemListElement":[{"@type":"ListItem","position":1,"name":"Accueil","item":"https:\/\/pano-group.com\/global\/pt-pt\/"},{"@type":"ListItem","position":2,"name":"A nossa experi\u00eancia"}]},{"@type":"WebSite","@id":"https:\/\/pano-group.com\/global\/#website","url":"https:\/\/pano-group.com\/global\/","name":"Groupe PANO","description":"","potentialAction":[{"@type":"SearchAction","target":{"@type":"EntryPoint","urlTemplate":"https:\/\/pano-group.com\/global\/?s={search_term_string}"},"query-input":{"@type":"PropertyValueSpecification","valueRequired":true,"valueName":"search_term_string"}}],"inLanguage":"pt-PT"}]}},"_links":{"self":[{"href":"https:\/\/pano-group.com\/pt-pt\/wp-json\/wp\/v2\/pages\/1938","targetHints":{"allow":["GET"]}}],"collection":[{"href":"https:\/\/pano-group.com\/pt-pt\/wp-json\/wp\/v2\/pages"}],"about":[{"href":"https:\/\/pano-group.com\/pt-pt\/wp-json\/wp\/v2\/types\/page"}],"author":[{"embeddable":true,"href":"https:\/\/pano-group.com\/pt-pt\/wp-json\/wp\/v2\/users\/9"}],"replies":[{"embeddable":true,"href":"https:\/\/pano-group.com\/pt-pt\/wp-json\/wp\/v2\/comments?post=1938"}],"version-history":[{"count":1,"href":"https:\/\/pano-group.com\/pt-pt\/wp-json\/wp\/v2\/pages\/1938\/revisions"}],"predecessor-version":[{"id":1977,"href":"https:\/\/pano-group.com\/pt-pt\/wp-json\/wp\/v2\/pages\/1938\/revisions\/1977"}],"wp:featuredmedia":[{"embeddable":true,"href":"https:\/\/pano-group.com\/pt-pt\/wp-json\/wp\/v2\/media\/1971"}],"wp:attachment":[{"href":"https:\/\/pano-group.com\/pt-pt\/wp-json\/wp\/v2\/media?parent=1938"}],"curies":[{"name":"wp","href":"https:\/\/api.w.org\/{rel}","templated":true}]}}