{"id":2144,"date":"2025-03-25T10:50:34","date_gmt":"2025-03-25T09:50:34","guid":{"rendered":"https:\/\/pano-group.com\/torna-te-um-revendedor\/"},"modified":"2025-05-05T17:52:24","modified_gmt":"2025-05-05T15:52:24","slug":"torna-te-um-revendedor","status":"publish","type":"page","link":"https:\/\/pano-group.com\/pt-pt\/torna-te-um-revendedor\/","title":{"rendered":"Torna-te um revendedor"},"content":{"rendered":"\n<p>Com um conceito chave-na-m\u00e3o, apoio especializado e uma marca forte, podes montar o teu neg\u00f3cio com tranquilidade com a rede l\u00edder de sinaliza\u00e7\u00e3o e marca\u00e7\u00e3o.<\/p>\n","protected":false},"excerpt":{"rendered":"<p>Com um conceito chave-na-m\u00e3o, apoio especializado e uma marca forte, podes montar o teu neg\u00f3cio com tranquilidade com a rede [&hellip;]<\/p>\n","protected":false},"author":7,"featured_media":2165,"parent":0,"menu_order":0,"comment_status":"closed","ping_status":"closed","template":"","meta":{"_acf_changed":false,"footnotes":""},"class_list":["post-2144","page","type-page","status-publish","has-post-thumbnail","hentry"],"acf":[],"yoast_head":"<!-- This site is optimized with the Yoast SEO Premium plugin v25.8 (Yoast SEO v25.8) - https:\/\/yoast.com\/wordpress\/plugins\/seo\/ -->\n<title>Torna-te um revendedor - Groupe PANO<\/title>\n<meta name=\"description\" content=\"Come\u00e7a o seu pr\u00f3prio neg\u00f3cio com PANO, o l\u00edder da sinaliza\u00e7\u00e3o. Um conceito chave na m\u00e3o e um acompanhamento especializado para o seu sucesso. Vem juntar-se a n\u00f3s!\" \/>\n<meta name=\"robots\" content=\"index, follow, max-snippet:-1, max-image-preview:large, max-video-preview:-1\" \/>\n<link rel=\"canonical\" href=\"https:\/\/pano-group.com\/global\/pt-pt\/torna-te-um-revendedor\/\" \/>\n<meta property=\"og:locale\" content=\"pt_PT\" \/>\n<meta property=\"og:type\" content=\"article\" \/>\n<meta property=\"og:title\" content=\"Torna-te um revendedor\" \/>\n<meta property=\"og:description\" content=\"Come\u00e7a o seu pr\u00f3prio neg\u00f3cio com PANO, o l\u00edder da sinaliza\u00e7\u00e3o. Um conceito chave na m\u00e3o e um acompanhamento especializado para o seu sucesso. Vem juntar-se a n\u00f3s!\" \/>\n<meta property=\"og:url\" content=\"https:\/\/pano-group.com\/global\/pt-pt\/torna-te-um-revendedor\/\" \/>\n<meta property=\"og:site_name\" content=\"Groupe PANO\" \/>\n<meta property=\"article:modified_time\" content=\"2025-05-05T15:52:24+00:00\" \/>\n<meta property=\"og:image\" content=\"https:\/\/pano-group.com\/global\/wp-content\/uploads\/sites\/187\/2025\/03\/Pano-50-2-1024x683.jpg\" \/>\n\t<meta property=\"og:image:width\" content=\"1024\" \/>\n\t<meta property=\"og:image:height\" content=\"683\" \/>\n\t<meta property=\"og:image:type\" content=\"image\/jpeg\" \/>\n<meta name=\"twitter:card\" content=\"summary_large_image\" \/>\n<script type=\"application\/ld+json\" class=\"yoast-schema-graph\">{\"@context\":\"https:\/\/schema.org\",\"@graph\":[{\"@type\":\"WebPage\",\"@id\":\"https:\/\/pano-group.com\/global\/pt-pt\/torna-te-um-revendedor\/\",\"url\":\"https:\/\/pano-group.com\/global\/pt-pt\/torna-te-um-revendedor\/\",\"name\":\"Torna-te um revendedor - Groupe PANO\",\"isPartOf\":{\"@id\":\"https:\/\/pano-group.com\/global\/#website\"},\"primaryImageOfPage\":{\"@id\":\"https:\/\/pano-group.com\/global\/pt-pt\/torna-te-um-revendedor\/#primaryimage\"},\"image\":{\"@id\":\"https:\/\/pano-group.com\/global\/pt-pt\/torna-te-um-revendedor\/#primaryimage\"},\"thumbnailUrl\":\"https:\/\/pano-group.com\/wp-content\/uploads\/sites\/187\/2025\/03\/Pano-50-2.jpg\",\"datePublished\":\"2025-03-25T09:50:34+00:00\",\"dateModified\":\"2025-05-05T15:52:24+00:00\",\"description\":\"Come\u00e7a o seu pr\u00f3prio neg\u00f3cio com PANO, o l\u00edder da sinaliza\u00e7\u00e3o. Um conceito chave na m\u00e3o e um acompanhamento especializado para o seu sucesso. Vem juntar-se a n\u00f3s!\",\"breadcrumb\":{\"@id\":\"https:\/\/pano-group.com\/global\/pt-pt\/torna-te-um-revendedor\/#breadcrumb\"},\"inLanguage\":\"pt-PT\",\"potentialAction\":[{\"@type\":\"ReadAction\",\"target\":[\"https:\/\/pano-group.com\/global\/pt-pt\/torna-te-um-revendedor\/\"]}]},{\"@type\":\"ImageObject\",\"inLanguage\":\"pt-PT\",\"@id\":\"https:\/\/pano-group.com\/global\/pt-pt\/torna-te-um-revendedor\/#primaryimage\",\"url\":\"https:\/\/pano-group.com\/wp-content\/uploads\/sites\/187\/2025\/03\/Pano-50-2.jpg\",\"contentUrl\":\"https:\/\/pano-group.com\/wp-content\/uploads\/sites\/187\/2025\/03\/Pano-50-2.jpg\",\"width\":1700,\"height\":1133},{\"@type\":\"BreadcrumbList\",\"@id\":\"https:\/\/pano-group.com\/global\/pt-pt\/torna-te-um-revendedor\/#breadcrumb\",\"itemListElement\":[{\"@type\":\"ListItem\",\"position\":1,\"name\":\"Accueil\",\"item\":\"https:\/\/pano-group.com\/global\/pt-pt\/\"},{\"@type\":\"ListItem\",\"position\":2,\"name\":\"Torna-te um revendedor\"}]},{\"@type\":\"WebSite\",\"@id\":\"https:\/\/pano-group.com\/global\/#website\",\"url\":\"https:\/\/pano-group.com\/global\/\",\"name\":\"Groupe PANO\",\"description\":\"\",\"potentialAction\":[{\"@type\":\"SearchAction\",\"target\":{\"@type\":\"EntryPoint\",\"urlTemplate\":\"https:\/\/pano-group.com\/global\/?s={search_term_string}\"},\"query-input\":{\"@type\":\"PropertyValueSpecification\",\"valueRequired\":true,\"valueName\":\"search_term_string\"}}],\"inLanguage\":\"pt-PT\"}]}<\/script>\n<!-- \/ Yoast SEO Premium plugin. -->","yoast_head_json":{"title":"Torna-te um revendedor - Groupe PANO","description":"Come\u00e7a o seu pr\u00f3prio neg\u00f3cio com PANO, o l\u00edder da sinaliza\u00e7\u00e3o. Um conceito chave na m\u00e3o e um acompanhamento especializado para o seu sucesso. Vem juntar-se a n\u00f3s!","robots":{"index":"index","follow":"follow","max-snippet":"max-snippet:-1","max-image-preview":"max-image-preview:large","max-video-preview":"max-video-preview:-1"},"canonical":"https:\/\/pano-group.com\/global\/pt-pt\/torna-te-um-revendedor\/","og_locale":"pt_PT","og_type":"article","og_title":"Torna-te um revendedor","og_description":"Come\u00e7a o seu pr\u00f3prio neg\u00f3cio com PANO, o l\u00edder da sinaliza\u00e7\u00e3o. Um conceito chave na m\u00e3o e um acompanhamento especializado para o seu sucesso. Vem juntar-se a n\u00f3s!","og_url":"https:\/\/pano-group.com\/global\/pt-pt\/torna-te-um-revendedor\/","og_site_name":"Groupe PANO","article_modified_time":"2025-05-05T15:52:24+00:00","og_image":[{"width":1024,"height":683,"url":"https:\/\/pano-group.com\/global\/wp-content\/uploads\/sites\/187\/2025\/03\/Pano-50-2-1024x683.jpg","type":"image\/jpeg"}],"twitter_card":"summary_large_image","schema":{"@context":"https:\/\/schema.org","@graph":[{"@type":"WebPage","@id":"https:\/\/pano-group.com\/global\/pt-pt\/torna-te-um-revendedor\/","url":"https:\/\/pano-group.com\/global\/pt-pt\/torna-te-um-revendedor\/","name":"Torna-te um revendedor - Groupe PANO","isPartOf":{"@id":"https:\/\/pano-group.com\/global\/#website"},"primaryImageOfPage":{"@id":"https:\/\/pano-group.com\/global\/pt-pt\/torna-te-um-revendedor\/#primaryimage"},"image":{"@id":"https:\/\/pano-group.com\/global\/pt-pt\/torna-te-um-revendedor\/#primaryimage"},"thumbnailUrl":"https:\/\/pano-group.com\/wp-content\/uploads\/sites\/187\/2025\/03\/Pano-50-2.jpg","datePublished":"2025-03-25T09:50:34+00:00","dateModified":"2025-05-05T15:52:24+00:00","description":"Come\u00e7a o seu pr\u00f3prio neg\u00f3cio com PANO, o l\u00edder da sinaliza\u00e7\u00e3o. Um conceito chave na m\u00e3o e um acompanhamento especializado para o seu sucesso. Vem juntar-se a n\u00f3s!","breadcrumb":{"@id":"https:\/\/pano-group.com\/global\/pt-pt\/torna-te-um-revendedor\/#breadcrumb"},"inLanguage":"pt-PT","potentialAction":[{"@type":"ReadAction","target":["https:\/\/pano-group.com\/global\/pt-pt\/torna-te-um-revendedor\/"]}]},{"@type":"ImageObject","inLanguage":"pt-PT","@id":"https:\/\/pano-group.com\/global\/pt-pt\/torna-te-um-revendedor\/#primaryimage","url":"https:\/\/pano-group.com\/wp-content\/uploads\/sites\/187\/2025\/03\/Pano-50-2.jpg","contentUrl":"https:\/\/pano-group.com\/wp-content\/uploads\/sites\/187\/2025\/03\/Pano-50-2.jpg","width":1700,"height":1133},{"@type":"BreadcrumbList","@id":"https:\/\/pano-group.com\/global\/pt-pt\/torna-te-um-revendedor\/#breadcrumb","itemListElement":[{"@type":"ListItem","position":1,"name":"Accueil","item":"https:\/\/pano-group.com\/global\/pt-pt\/"},{"@type":"ListItem","position":2,"name":"Torna-te um revendedor"}]},{"@type":"WebSite","@id":"https:\/\/pano-group.com\/global\/#website","url":"https:\/\/pano-group.com\/global\/","name":"Groupe PANO","description":"","potentialAction":[{"@type":"SearchAction","target":{"@type":"EntryPoint","urlTemplate":"https:\/\/pano-group.com\/global\/?s={search_term_string}"},"query-input":{"@type":"PropertyValueSpecification","valueRequired":true,"valueName":"search_term_string"}}],"inLanguage":"pt-PT"}]}},"_links":{"self":[{"href":"https:\/\/pano-group.com\/pt-pt\/wp-json\/wp\/v2\/pages\/2144","targetHints":{"allow":["GET"]}}],"collection":[{"href":"https:\/\/pano-group.com\/pt-pt\/wp-json\/wp\/v2\/pages"}],"about":[{"href":"https:\/\/pano-group.com\/pt-pt\/wp-json\/wp\/v2\/types\/page"}],"author":[{"embeddable":true,"href":"https:\/\/pano-group.com\/pt-pt\/wp-json\/wp\/v2\/users\/7"}],"replies":[{"embeddable":true,"href":"https:\/\/pano-group.com\/pt-pt\/wp-json\/wp\/v2\/comments?post=2144"}],"version-history":[{"count":1,"href":"https:\/\/pano-group.com\/pt-pt\/wp-json\/wp\/v2\/pages\/2144\/revisions"}],"predecessor-version":[{"id":2209,"href":"https:\/\/pano-group.com\/pt-pt\/wp-json\/wp\/v2\/pages\/2144\/revisions\/2209"}],"wp:featuredmedia":[{"embeddable":true,"href":"https:\/\/pano-group.com\/pt-pt\/wp-json\/wp\/v2\/media\/2165"}],"wp:attachment":[{"href":"https:\/\/pano-group.com\/pt-pt\/wp-json\/wp\/v2\/media?parent=2144"}],"curies":[{"name":"wp","href":"https:\/\/api.w.org\/{rel}","templated":true}]}}