{"id":2257,"date":"2025-03-18T14:55:55","date_gmt":"2025-03-18T13:55:55","guid":{"rendered":"https:\/\/pano-group.com\/a-nossa-divisao-de-contas-chave\/"},"modified":"2025-05-05T17:52:36","modified_gmt":"2025-05-05T15:52:36","slug":"a-nossa-divisao-de-contas-chave","status":"publish","type":"page","link":"https:\/\/pano-group.com\/pt-pt\/a-nossa-divisao-de-contas-chave\/","title":{"rendered":"A nossa divis\u00e3o de contas-chave"},"content":{"rendered":"\n<p>A nossa Divis\u00e3o de Contas-Chave apoia marcas e empresas com v\u00e1rios locais na implementa\u00e7\u00e3o da sua marca. Gra\u00e7as \u00e0 nossa rede de especialistas e \u00e0 gest\u00e3o centralizada, podemos garantir que a sua identidade visual \u00e9 implementada de forma consistente e eficaz em todas as suas instala\u00e7\u00f5es. <\/p>\n","protected":false},"excerpt":{"rendered":"<p>A nossa Divis\u00e3o de Contas-Chave apoia marcas e empresas com v\u00e1rios locais na implementa\u00e7\u00e3o da sua marca. Gra\u00e7as \u00e0 nossa [&hellip;]<\/p>\n","protected":false},"author":7,"featured_media":2279,"parent":0,"menu_order":0,"comment_status":"closed","ping_status":"closed","template":"page-templates\/yellow-template.php","meta":{"_acf_changed":false,"footnotes":""},"class_list":["post-2257","page","type-page","status-publish","has-post-thumbnail","hentry"],"acf":[],"yoast_head":"<!-- This site is optimized with the Yoast SEO Premium plugin v25.8 (Yoast SEO v25.8) - https:\/\/yoast.com\/wordpress\/plugins\/seo\/ -->\n<title>A nossa divis\u00e3o de contas-chave - Groupe PANO<\/title>\n<meta name=\"description\" content=\"PANO.Global: apoio especializado para uma implanta\u00e7\u00e3o coerente e optimizada da marca em todos os seus sites.\" \/>\n<meta name=\"robots\" content=\"index, follow, max-snippet:-1, max-image-preview:large, max-video-preview:-1\" \/>\n<link rel=\"canonical\" href=\"https:\/\/pano-group.com\/global\/pt-pt\/a-nossa-divisao-de-contas-chave\/\" \/>\n<meta property=\"og:locale\" content=\"pt_PT\" \/>\n<meta property=\"og:type\" content=\"article\" \/>\n<meta property=\"og:title\" content=\"A nossa divis\u00e3o de contas-chave\" \/>\n<meta property=\"og:description\" content=\"PANO.Global: apoio especializado para uma implanta\u00e7\u00e3o coerente e optimizada da marca em todos os seus sites.\" \/>\n<meta property=\"og:url\" content=\"https:\/\/pano-group.com\/global\/pt-pt\/a-nossa-divisao-de-contas-chave\/\" \/>\n<meta property=\"og:site_name\" content=\"Groupe PANO\" \/>\n<meta property=\"article:modified_time\" content=\"2025-05-05T15:52:36+00:00\" \/>\n<meta property=\"og:image\" content=\"https:\/\/pano-group.com\/global\/wp-content\/uploads\/sites\/187\/2025\/03\/Dimension-images-titres-3.png\" \/>\n\t<meta property=\"og:image:width\" content=\"750\" \/>\n\t<meta property=\"og:image:height\" content=\"390\" \/>\n\t<meta property=\"og:image:type\" content=\"image\/png\" \/>\n<meta name=\"twitter:card\" content=\"summary_large_image\" \/>\n<script type=\"application\/ld+json\" class=\"yoast-schema-graph\">{\"@context\":\"https:\/\/schema.org\",\"@graph\":[{\"@type\":\"WebPage\",\"@id\":\"https:\/\/pano-group.com\/global\/pt-pt\/a-nossa-divisao-de-contas-chave\/\",\"url\":\"https:\/\/pano-group.com\/global\/pt-pt\/a-nossa-divisao-de-contas-chave\/\",\"name\":\"A nossa divis\u00e3o de contas-chave - Groupe PANO\",\"isPartOf\":{\"@id\":\"https:\/\/pano-group.com\/global\/#website\"},\"primaryImageOfPage\":{\"@id\":\"https:\/\/pano-group.com\/global\/pt-pt\/a-nossa-divisao-de-contas-chave\/#primaryimage\"},\"image\":{\"@id\":\"https:\/\/pano-group.com\/global\/pt-pt\/a-nossa-divisao-de-contas-chave\/#primaryimage\"},\"thumbnailUrl\":\"https:\/\/pano-group.com\/wp-content\/uploads\/sites\/187\/2025\/03\/Dimension-images-titres-3.png\",\"datePublished\":\"2025-03-18T13:55:55+00:00\",\"dateModified\":\"2025-05-05T15:52:36+00:00\",\"description\":\"PANO.Global: apoio especializado para uma implanta\u00e7\u00e3o coerente e optimizada da marca em todos os seus sites.\",\"breadcrumb\":{\"@id\":\"https:\/\/pano-group.com\/global\/pt-pt\/a-nossa-divisao-de-contas-chave\/#breadcrumb\"},\"inLanguage\":\"pt-PT\",\"potentialAction\":[{\"@type\":\"ReadAction\",\"target\":[\"https:\/\/pano-group.com\/global\/pt-pt\/a-nossa-divisao-de-contas-chave\/\"]}]},{\"@type\":\"ImageObject\",\"inLanguage\":\"pt-PT\",\"@id\":\"https:\/\/pano-group.com\/global\/pt-pt\/a-nossa-divisao-de-contas-chave\/#primaryimage\",\"url\":\"https:\/\/pano-group.com\/wp-content\/uploads\/sites\/187\/2025\/03\/Dimension-images-titres-3.png\",\"contentUrl\":\"https:\/\/pano-group.com\/wp-content\/uploads\/sites\/187\/2025\/03\/Dimension-images-titres-3.png\",\"width\":750,\"height\":390},{\"@type\":\"BreadcrumbList\",\"@id\":\"https:\/\/pano-group.com\/global\/pt-pt\/a-nossa-divisao-de-contas-chave\/#breadcrumb\",\"itemListElement\":[{\"@type\":\"ListItem\",\"position\":1,\"name\":\"Accueil\",\"item\":\"https:\/\/pano-group.com\/global\/pt-pt\/\"},{\"@type\":\"ListItem\",\"position\":2,\"name\":\"A nossa divis\u00e3o de contas-chave\"}]},{\"@type\":\"WebSite\",\"@id\":\"https:\/\/pano-group.com\/global\/#website\",\"url\":\"https:\/\/pano-group.com\/global\/\",\"name\":\"Groupe PANO\",\"description\":\"\",\"potentialAction\":[{\"@type\":\"SearchAction\",\"target\":{\"@type\":\"EntryPoint\",\"urlTemplate\":\"https:\/\/pano-group.com\/global\/?s={search_term_string}\"},\"query-input\":{\"@type\":\"PropertyValueSpecification\",\"valueRequired\":true,\"valueName\":\"search_term_string\"}}],\"inLanguage\":\"pt-PT\"}]}<\/script>\n<!-- \/ Yoast SEO Premium plugin. -->","yoast_head_json":{"title":"A nossa divis\u00e3o de contas-chave - Groupe PANO","description":"PANO.Global: apoio especializado para uma implanta\u00e7\u00e3o coerente e optimizada da marca em todos os seus sites.","robots":{"index":"index","follow":"follow","max-snippet":"max-snippet:-1","max-image-preview":"max-image-preview:large","max-video-preview":"max-video-preview:-1"},"canonical":"https:\/\/pano-group.com\/global\/pt-pt\/a-nossa-divisao-de-contas-chave\/","og_locale":"pt_PT","og_type":"article","og_title":"A nossa divis\u00e3o de contas-chave","og_description":"PANO.Global: apoio especializado para uma implanta\u00e7\u00e3o coerente e optimizada da marca em todos os seus sites.","og_url":"https:\/\/pano-group.com\/global\/pt-pt\/a-nossa-divisao-de-contas-chave\/","og_site_name":"Groupe PANO","article_modified_time":"2025-05-05T15:52:36+00:00","og_image":[{"width":750,"height":390,"url":"https:\/\/pano-group.com\/global\/wp-content\/uploads\/sites\/187\/2025\/03\/Dimension-images-titres-3.png","type":"image\/png"}],"twitter_card":"summary_large_image","schema":{"@context":"https:\/\/schema.org","@graph":[{"@type":"WebPage","@id":"https:\/\/pano-group.com\/global\/pt-pt\/a-nossa-divisao-de-contas-chave\/","url":"https:\/\/pano-group.com\/global\/pt-pt\/a-nossa-divisao-de-contas-chave\/","name":"A nossa divis\u00e3o de contas-chave - Groupe PANO","isPartOf":{"@id":"https:\/\/pano-group.com\/global\/#website"},"primaryImageOfPage":{"@id":"https:\/\/pano-group.com\/global\/pt-pt\/a-nossa-divisao-de-contas-chave\/#primaryimage"},"image":{"@id":"https:\/\/pano-group.com\/global\/pt-pt\/a-nossa-divisao-de-contas-chave\/#primaryimage"},"thumbnailUrl":"https:\/\/pano-group.com\/wp-content\/uploads\/sites\/187\/2025\/03\/Dimension-images-titres-3.png","datePublished":"2025-03-18T13:55:55+00:00","dateModified":"2025-05-05T15:52:36+00:00","description":"PANO.Global: apoio especializado para uma implanta\u00e7\u00e3o coerente e optimizada da marca em todos os seus sites.","breadcrumb":{"@id":"https:\/\/pano-group.com\/global\/pt-pt\/a-nossa-divisao-de-contas-chave\/#breadcrumb"},"inLanguage":"pt-PT","potentialAction":[{"@type":"ReadAction","target":["https:\/\/pano-group.com\/global\/pt-pt\/a-nossa-divisao-de-contas-chave\/"]}]},{"@type":"ImageObject","inLanguage":"pt-PT","@id":"https:\/\/pano-group.com\/global\/pt-pt\/a-nossa-divisao-de-contas-chave\/#primaryimage","url":"https:\/\/pano-group.com\/wp-content\/uploads\/sites\/187\/2025\/03\/Dimension-images-titres-3.png","contentUrl":"https:\/\/pano-group.com\/wp-content\/uploads\/sites\/187\/2025\/03\/Dimension-images-titres-3.png","width":750,"height":390},{"@type":"BreadcrumbList","@id":"https:\/\/pano-group.com\/global\/pt-pt\/a-nossa-divisao-de-contas-chave\/#breadcrumb","itemListElement":[{"@type":"ListItem","position":1,"name":"Accueil","item":"https:\/\/pano-group.com\/global\/pt-pt\/"},{"@type":"ListItem","position":2,"name":"A nossa divis\u00e3o de contas-chave"}]},{"@type":"WebSite","@id":"https:\/\/pano-group.com\/global\/#website","url":"https:\/\/pano-group.com\/global\/","name":"Groupe PANO","description":"","potentialAction":[{"@type":"SearchAction","target":{"@type":"EntryPoint","urlTemplate":"https:\/\/pano-group.com\/global\/?s={search_term_string}"},"query-input":{"@type":"PropertyValueSpecification","valueRequired":true,"valueName":"search_term_string"}}],"inLanguage":"pt-PT"}]}},"_links":{"self":[{"href":"https:\/\/pano-group.com\/pt-pt\/wp-json\/wp\/v2\/pages\/2257","targetHints":{"allow":["GET"]}}],"collection":[{"href":"https:\/\/pano-group.com\/pt-pt\/wp-json\/wp\/v2\/pages"}],"about":[{"href":"https:\/\/pano-group.com\/pt-pt\/wp-json\/wp\/v2\/types\/page"}],"author":[{"embeddable":true,"href":"https:\/\/pano-group.com\/pt-pt\/wp-json\/wp\/v2\/users\/7"}],"replies":[{"embeddable":true,"href":"https:\/\/pano-group.com\/pt-pt\/wp-json\/wp\/v2\/comments?post=2257"}],"version-history":[{"count":3,"href":"https:\/\/pano-group.com\/pt-pt\/wp-json\/wp\/v2\/pages\/2257\/revisions"}],"predecessor-version":[{"id":3197,"href":"https:\/\/pano-group.com\/pt-pt\/wp-json\/wp\/v2\/pages\/2257\/revisions\/3197"}],"wp:featuredmedia":[{"embeddable":true,"href":"https:\/\/pano-group.com\/pt-pt\/wp-json\/wp\/v2\/media\/2279"}],"wp:attachment":[{"href":"https:\/\/pano-group.com\/pt-pt\/wp-json\/wp\/v2\/media?parent=2257"}],"curies":[{"name":"wp","href":"https:\/\/api.w.org\/{rel}","templated":true}]}}