{"id":2539,"date":"2025-03-18T09:26:53","date_gmt":"2025-03-18T08:26:53","guid":{"rendered":"https:\/\/pano-group.com\/academia-pano\/"},"modified":"2025-05-05T17:52:59","modified_gmt":"2025-05-05T15:52:59","slug":"academia-pano","status":"publish","type":"page","link":"https:\/\/pano-group.com\/pt-pt\/academia-pano\/","title":{"rendered":"Academia PANO"},"content":{"rendered":"\n<p>H\u00e1 mais de 45 anos, PANO partilha o seu know-how e a sua experi\u00eancia no dom\u00ednio da sinaliza\u00e7\u00e3o. A Academia PANO faz parte desta din\u00e2mica, oferecendo uma forma\u00e7\u00e3o adaptada \u00e0s exig\u00eancias do sector, combinando o conhecimento t\u00e9cnico com uma abordagem inovadora para acompanhar os profissionais de hoje e de amanh\u00e3. <\/p>\n","protected":false},"excerpt":{"rendered":"<p>H\u00e1 mais de 45 anos, PANO partilha o seu know-how e a sua experi\u00eancia no dom\u00ednio da sinaliza\u00e7\u00e3o. A Academia [&hellip;]<\/p>\n","protected":false},"author":7,"featured_media":2618,"parent":0,"menu_order":0,"comment_status":"closed","ping_status":"closed","template":"","meta":{"_acf_changed":false,"footnotes":""},"class_list":["post-2539","page","type-page","status-publish","has-post-thumbnail","hentry"],"acf":[],"yoast_head":"<!-- This site is optimized with the Yoast SEO Premium plugin v25.8 (Yoast SEO v25.8) - https:\/\/yoast.com\/wordpress\/plugins\/seo\/ -->\n<title>Academia PANO - Groupe PANO<\/title>\n<meta name=\"description\" content=\"Forma\u00e7\u00e3o PANO Academy: cursos de forma\u00e7\u00e3o em sinal\u00e9tica que combinam experi\u00eancia e inova\u00e7\u00e3o para profissionais.\" \/>\n<meta name=\"robots\" content=\"index, follow, max-snippet:-1, max-image-preview:large, max-video-preview:-1\" \/>\n<link rel=\"canonical\" href=\"https:\/\/pano-group.com\/global\/pt-pt\/academia-pano\/\" \/>\n<meta property=\"og:locale\" content=\"pt_PT\" \/>\n<meta property=\"og:type\" content=\"article\" \/>\n<meta property=\"og:title\" content=\"Academia PANO\" \/>\n<meta property=\"og:description\" content=\"Forma\u00e7\u00e3o PANO Academy: cursos de forma\u00e7\u00e3o em sinal\u00e9tica que combinam experi\u00eancia e inova\u00e7\u00e3o para profissionais.\" \/>\n<meta property=\"og:url\" content=\"https:\/\/pano-group.com\/global\/pt-pt\/academia-pano\/\" \/>\n<meta property=\"og:site_name\" content=\"Groupe PANO\" \/>\n<meta property=\"article:modified_time\" content=\"2025-05-05T15:52:59+00:00\" \/>\n<meta property=\"og:image\" content=\"https:\/\/pano-group.com\/global\/wp-content\/uploads\/sites\/187\/2025\/03\/Dimension-images-titres-1.png\" \/>\n\t<meta property=\"og:image:width\" content=\"750\" \/>\n\t<meta property=\"og:image:height\" content=\"390\" \/>\n\t<meta property=\"og:image:type\" content=\"image\/png\" \/>\n<meta name=\"twitter:card\" content=\"summary_large_image\" \/>\n<script type=\"application\/ld+json\" class=\"yoast-schema-graph\">{\"@context\":\"https:\/\/schema.org\",\"@graph\":[{\"@type\":\"WebPage\",\"@id\":\"https:\/\/pano-group.com\/global\/pt-pt\/academia-pano\/\",\"url\":\"https:\/\/pano-group.com\/global\/pt-pt\/academia-pano\/\",\"name\":\"Academia PANO - Groupe PANO\",\"isPartOf\":{\"@id\":\"https:\/\/pano-group.com\/global\/#website\"},\"primaryImageOfPage\":{\"@id\":\"https:\/\/pano-group.com\/global\/pt-pt\/academia-pano\/#primaryimage\"},\"image\":{\"@id\":\"https:\/\/pano-group.com\/global\/pt-pt\/academia-pano\/#primaryimage\"},\"thumbnailUrl\":\"https:\/\/pano-group.com\/wp-content\/uploads\/sites\/187\/2025\/03\/Dimension-images-titres-1.png\",\"datePublished\":\"2025-03-18T08:26:53+00:00\",\"dateModified\":\"2025-05-05T15:52:59+00:00\",\"description\":\"Forma\u00e7\u00e3o PANO Academy: cursos de forma\u00e7\u00e3o em sinal\u00e9tica que combinam experi\u00eancia e inova\u00e7\u00e3o para profissionais.\",\"breadcrumb\":{\"@id\":\"https:\/\/pano-group.com\/global\/pt-pt\/academia-pano\/#breadcrumb\"},\"inLanguage\":\"pt-PT\",\"potentialAction\":[{\"@type\":\"ReadAction\",\"target\":[\"https:\/\/pano-group.com\/global\/pt-pt\/academia-pano\/\"]}]},{\"@type\":\"ImageObject\",\"inLanguage\":\"pt-PT\",\"@id\":\"https:\/\/pano-group.com\/global\/pt-pt\/academia-pano\/#primaryimage\",\"url\":\"https:\/\/pano-group.com\/wp-content\/uploads\/sites\/187\/2025\/03\/Dimension-images-titres-1.png\",\"contentUrl\":\"https:\/\/pano-group.com\/wp-content\/uploads\/sites\/187\/2025\/03\/Dimension-images-titres-1.png\",\"width\":750,\"height\":390},{\"@type\":\"BreadcrumbList\",\"@id\":\"https:\/\/pano-group.com\/global\/pt-pt\/academia-pano\/#breadcrumb\",\"itemListElement\":[{\"@type\":\"ListItem\",\"position\":1,\"name\":\"Accueil\",\"item\":\"https:\/\/pano-group.com\/global\/pt-pt\/\"},{\"@type\":\"ListItem\",\"position\":2,\"name\":\"Academia PANO\"}]},{\"@type\":\"WebSite\",\"@id\":\"https:\/\/pano-group.com\/global\/#website\",\"url\":\"https:\/\/pano-group.com\/global\/\",\"name\":\"Groupe PANO\",\"description\":\"\",\"potentialAction\":[{\"@type\":\"SearchAction\",\"target\":{\"@type\":\"EntryPoint\",\"urlTemplate\":\"https:\/\/pano-group.com\/global\/?s={search_term_string}\"},\"query-input\":{\"@type\":\"PropertyValueSpecification\",\"valueRequired\":true,\"valueName\":\"search_term_string\"}}],\"inLanguage\":\"pt-PT\"}]}<\/script>\n<!-- \/ Yoast SEO Premium plugin. -->","yoast_head_json":{"title":"Academia PANO - Groupe PANO","description":"Forma\u00e7\u00e3o PANO Academy: cursos de forma\u00e7\u00e3o em sinal\u00e9tica que combinam experi\u00eancia e inova\u00e7\u00e3o para profissionais.","robots":{"index":"index","follow":"follow","max-snippet":"max-snippet:-1","max-image-preview":"max-image-preview:large","max-video-preview":"max-video-preview:-1"},"canonical":"https:\/\/pano-group.com\/global\/pt-pt\/academia-pano\/","og_locale":"pt_PT","og_type":"article","og_title":"Academia PANO","og_description":"Forma\u00e7\u00e3o PANO Academy: cursos de forma\u00e7\u00e3o em sinal\u00e9tica que combinam experi\u00eancia e inova\u00e7\u00e3o para profissionais.","og_url":"https:\/\/pano-group.com\/global\/pt-pt\/academia-pano\/","og_site_name":"Groupe PANO","article_modified_time":"2025-05-05T15:52:59+00:00","og_image":[{"width":750,"height":390,"url":"https:\/\/pano-group.com\/global\/wp-content\/uploads\/sites\/187\/2025\/03\/Dimension-images-titres-1.png","type":"image\/png"}],"twitter_card":"summary_large_image","schema":{"@context":"https:\/\/schema.org","@graph":[{"@type":"WebPage","@id":"https:\/\/pano-group.com\/global\/pt-pt\/academia-pano\/","url":"https:\/\/pano-group.com\/global\/pt-pt\/academia-pano\/","name":"Academia PANO - Groupe PANO","isPartOf":{"@id":"https:\/\/pano-group.com\/global\/#website"},"primaryImageOfPage":{"@id":"https:\/\/pano-group.com\/global\/pt-pt\/academia-pano\/#primaryimage"},"image":{"@id":"https:\/\/pano-group.com\/global\/pt-pt\/academia-pano\/#primaryimage"},"thumbnailUrl":"https:\/\/pano-group.com\/wp-content\/uploads\/sites\/187\/2025\/03\/Dimension-images-titres-1.png","datePublished":"2025-03-18T08:26:53+00:00","dateModified":"2025-05-05T15:52:59+00:00","description":"Forma\u00e7\u00e3o PANO Academy: cursos de forma\u00e7\u00e3o em sinal\u00e9tica que combinam experi\u00eancia e inova\u00e7\u00e3o para profissionais.","breadcrumb":{"@id":"https:\/\/pano-group.com\/global\/pt-pt\/academia-pano\/#breadcrumb"},"inLanguage":"pt-PT","potentialAction":[{"@type":"ReadAction","target":["https:\/\/pano-group.com\/global\/pt-pt\/academia-pano\/"]}]},{"@type":"ImageObject","inLanguage":"pt-PT","@id":"https:\/\/pano-group.com\/global\/pt-pt\/academia-pano\/#primaryimage","url":"https:\/\/pano-group.com\/wp-content\/uploads\/sites\/187\/2025\/03\/Dimension-images-titres-1.png","contentUrl":"https:\/\/pano-group.com\/wp-content\/uploads\/sites\/187\/2025\/03\/Dimension-images-titres-1.png","width":750,"height":390},{"@type":"BreadcrumbList","@id":"https:\/\/pano-group.com\/global\/pt-pt\/academia-pano\/#breadcrumb","itemListElement":[{"@type":"ListItem","position":1,"name":"Accueil","item":"https:\/\/pano-group.com\/global\/pt-pt\/"},{"@type":"ListItem","position":2,"name":"Academia PANO"}]},{"@type":"WebSite","@id":"https:\/\/pano-group.com\/global\/#website","url":"https:\/\/pano-group.com\/global\/","name":"Groupe PANO","description":"","potentialAction":[{"@type":"SearchAction","target":{"@type":"EntryPoint","urlTemplate":"https:\/\/pano-group.com\/global\/?s={search_term_string}"},"query-input":{"@type":"PropertyValueSpecification","valueRequired":true,"valueName":"search_term_string"}}],"inLanguage":"pt-PT"}]}},"_links":{"self":[{"href":"https:\/\/pano-group.com\/pt-pt\/wp-json\/wp\/v2\/pages\/2539","targetHints":{"allow":["GET"]}}],"collection":[{"href":"https:\/\/pano-group.com\/pt-pt\/wp-json\/wp\/v2\/pages"}],"about":[{"href":"https:\/\/pano-group.com\/pt-pt\/wp-json\/wp\/v2\/types\/page"}],"author":[{"embeddable":true,"href":"https:\/\/pano-group.com\/pt-pt\/wp-json\/wp\/v2\/users\/7"}],"replies":[{"embeddable":true,"href":"https:\/\/pano-group.com\/pt-pt\/wp-json\/wp\/v2\/comments?post=2539"}],"version-history":[{"count":1,"href":"https:\/\/pano-group.com\/pt-pt\/wp-json\/wp\/v2\/pages\/2539\/revisions"}],"predecessor-version":[{"id":2658,"href":"https:\/\/pano-group.com\/pt-pt\/wp-json\/wp\/v2\/pages\/2539\/revisions\/2658"}],"wp:featuredmedia":[{"embeddable":true,"href":"https:\/\/pano-group.com\/pt-pt\/wp-json\/wp\/v2\/media\/2618"}],"wp:attachment":[{"href":"https:\/\/pano-group.com\/pt-pt\/wp-json\/wp\/v2\/media?parent=2539"}],"curies":[{"name":"wp","href":"https:\/\/api.w.org\/{rel}","templated":true}]}}